{"id":18980,"date":"2023-05-18T08:48:20","date_gmt":"2023-05-18T07:48:20","guid":{"rendered":"https:\/\/dycem.com\/elektrostatische-entladung\/"},"modified":"2024-06-26T09:30:39","modified_gmt":"2024-06-26T08:30:39","slug":"elektrostatische-entladung","status":"publish","type":"page","link":"https:\/\/dycem.com\/de\/elektrostatische-entladung\/","title":{"rendered":"Elektrostatische Entladung"},"content":{"rendered":"\t\t<div data-elementor-type=\"wp-page\" data-elementor-id=\"18980\" class=\"elementor elementor-18980 elementor-1644\" data-elementor-post-type=\"page\">\n\t\t\t\t<div class=\"elementor-element elementor-element-4a423a59 dycem-title dycem-white e-flex e-con-boxed e-con e-parent\" data-id=\"4a423a59\" data-element_type=\"container\" data-e-type=\"container\">\n\t\t\t\t\t<div class=\"e-con-inner\">\n\t\t\t\t<div class=\"elementor-element elementor-element-67d6a2a6 dycem-title-accent-red elementor-widget elementor-widget-heading\" data-id=\"67d6a2a6\" data-element_type=\"widget\" data-e-type=\"widget\" data-widget_type=\"heading.default\">\n\t\t\t\t<div class=\"elementor-widget-container\">\n\t\t\t\t\t<h1 class=\"elementor-heading-title elementor-size-default\">Elektrostatische Entladung (ESD) <\/h1>\t\t\t\t<\/div>\n\t\t\t\t<\/div>\n\t\t\t\t<div class=\"elementor-element elementor-element-790da60 elementor-widget elementor-widget-html\" data-id=\"790da60\" data-element_type=\"widget\" data-e-type=\"widget\" data-widget_type=\"html.default\">\n\t\t\t\t<div class=\"elementor-widget-container\">\n\t\t\t\t\t<!-- Start of HubSpot Embed Code -->\n<script type=\"text\/javascript\" id=\"hs-script-loader\" async=\"\" defer src=\"\/\/js-eu1.hs-scripts.com\/26686903.js\"><\/script>\n<!-- End of HubSpot Embed Code -->\t\t\t\t<\/div>\n\t\t\t\t<\/div>\n\t\t\t\t<div class=\"elementor-element elementor-element-133a28d0 elementor-widget elementor-widget-text-editor\" data-id=\"133a28d0\" data-element_type=\"widget\" data-e-type=\"widget\" data-widget_type=\"text-editor.default\">\n\t\t\t\t<div class=\"elementor-widget-container\">\n\t\t\t\t\t\t\t\t\t<p>Statische Elektrizit\u00e4t, auch bekannt als elektrostatische Entladung (ESD), ist eine vertraute Erscheinung im t\u00e4glichen Leben, von allt\u00e4glichen Aufgaben wie dem Entladen von W\u00e4sche aus einem Trockner bis hin zum Gehen \u00fcber einen Teppich oder dem H\u00e4ndesch\u00fctteln. W\u00e4hrend diese Schocks in bestimmten Kontexten unbedeutend erscheinen m\u00f6gen, stellen sie in Branchen wie Datenzentren, Automobil- und Luft- und Raumfahrtindustrie sowie in der Elektronikindustrie ein erhebliches Risiko dar.<\/p>\n<p>Dycem\u00ae-Matten sind antistatisch und bieten eine L\u00f6sung zur Verhinderung von ESD, indem sie bis zu 99,9 % der Verunreinigungen durch F\u00fc\u00dfe und R\u00e4der sowie 75 % der Verunreinigungen durch die Luft aktiv anziehen, auffangen und zur\u00fcckhalten. Dadurch wird eine Umgebung geschaffen, die frei von Partikeln und Staub ist und die statische Aufladung wirksam verhindert. Mit einem Oberfl\u00e4chenwiderstand von 10\u2078 Ohm leiten Dycem-Matten statische Elektrizit\u00e4t effizient ab und verringern so die Wahrscheinlichkeit von Sch\u00e4den durch elektrostatische Entladung. Durch die Erleichterung des langsamen und kontrollierten Abflusses von Ladungen in den Boden verhindern diese Matten Entladungen durch oder bei menschlichem Kontakt.<\/p>\n\t\t\t\t\t\t\t\t<\/div>\n\t\t\t\t<\/div>\n\t\t\t\t\t<\/div>\n\t\t\t\t<\/div>\n\t\t<div class=\"elementor-element elementor-element-c74487d dycem-half-half dycem-blue e-flex e-con-boxed elementor-invisible e-con e-parent\" data-id=\"c74487d\" data-element_type=\"container\" data-e-type=\"container\" data-settings=\"{&quot;background_background&quot;:&quot;classic&quot;,&quot;animation&quot;:&quot;fadeIn&quot;}\">\n\t\t\t\t\t<div class=\"e-con-inner\">\n\t\t<div class=\"elementor-element elementor-element-13a2ad76 e-con-full e-flex e-con e-child\" data-id=\"13a2ad76\" data-element_type=\"container\" data-e-type=\"container\">\n\t\t\t\t<div class=\"elementor-element elementor-element-72f0210f elementor-widget elementor-widget-heading\" data-id=\"72f0210f\" data-element_type=\"widget\" data-e-type=\"widget\" data-widget_type=\"heading.default\">\n\t\t\t\t<div class=\"elementor-widget-container\">\n\t\t\t\t\t<h2 class=\"elementor-heading-title elementor-size-default\">Was ist ESD?\n<\/h2>\t\t\t\t<\/div>\n\t\t\t\t<\/div>\n\t\t\t\t<div class=\"elementor-element elementor-element-35031b87 elementor-widget elementor-widget-text-editor\" data-id=\"35031b87\" data-element_type=\"widget\" data-e-type=\"widget\" data-widget_type=\"text-editor.default\">\n\t\t\t\t<div class=\"elementor-widget-container\">\n\t\t\t\t\t\t\t\t\t<p>Elektrostatische Entladung (ESD) ist ein kurzer, pl\u00f6tzlicher Stromsto\u00df zwischen zwei Objekten, die unterschiedliche elektrische Ladungen aufweisen. ESD wird oft von einem sichtbaren Funken begleitet und tritt auf, wenn ein Objekt positiv und ein anderes negativ aufgeladen wird. Das positiv geladene Objekt tr\u00e4gt dann eine elektrostatische Ladung, die bei Kontakt mit einem anderen Material \u00fcbertragen werden kann, was zu einem ESD-Ereignis f\u00fchrt.<\/p>\n\t\t\t\t\t\t\t\t<\/div>\n\t\t\t\t<\/div>\n\t\t\t\t<\/div>\n\t\t<div class=\"elementor-element elementor-element-3939428b e-con-full e-flex e-con e-child\" data-id=\"3939428b\" data-element_type=\"container\" data-e-type=\"container\">\n\t\t\t\t<div class=\"elementor-element elementor-element-1722407 elementor-widget__width-inherit elementor-widget elementor-widget-image\" data-id=\"1722407\" data-element_type=\"widget\" data-e-type=\"widget\" data-widget_type=\"image.default\">\n\t\t\t\t<div class=\"elementor-widget-container\">\n\t\t\t\t\t\t\t\t\t\t\t\t\t\t\t<img fetchpriority=\"high\" decoding=\"async\" width=\"1600\" height=\"1300\" src=\"https:\/\/dycem.com\/wp-content\/uploads\/2023\/09\/Sustainability-page-images-2.webp\" class=\"attachment-full size-full wp-image-13006\" alt=\"\" title=\"\">\t\t\t\t\t\t\t\t\t\t\t\t\t\t\t<\/div>\n\t\t\t\t<\/div>\n\t\t\t\t<\/div>\n\t\t\t\t\t<\/div>\n\t\t\t\t<\/div>\n\t\t<div class=\"elementor-element elementor-element-393f1d29 dycem-half-half-reverse dycem-grey e-flex e-con-boxed elementor-invisible e-con e-parent\" data-id=\"393f1d29\" data-element_type=\"container\" data-e-type=\"container\" data-settings=\"{&quot;background_background&quot;:&quot;classic&quot;,&quot;animation&quot;:&quot;fadeIn&quot;}\">\n\t\t\t\t\t<div class=\"e-con-inner\">\n\t\t<div class=\"elementor-element elementor-element-3ccf084b e-con-full e-flex e-con e-child\" data-id=\"3ccf084b\" data-element_type=\"container\" data-e-type=\"container\">\n\t\t\t\t<div class=\"elementor-element elementor-element-40bd6b77 elementor-widget__width-inherit elementor-widget elementor-widget-image\" data-id=\"40bd6b77\" data-element_type=\"widget\" data-e-type=\"widget\" data-widget_type=\"image.default\">\n\t\t\t\t<div class=\"elementor-widget-container\">\n\t\t\t\t\t\t\t\t\t\t\t\t\t\t\t<img decoding=\"async\" width=\"1600\" height=\"1300\" src=\"https:\/\/dycem.com\/wp-content\/uploads\/2023\/09\/Sustainability-page-images-4.png\" class=\"attachment-full size-full wp-image-12998\" alt=\"\" srcset=\"https:\/\/dycem.com\/wp-content\/uploads\/2023\/09\/Sustainability-page-images-4.png 1600w, https:\/\/dycem.com\/wp-content\/uploads\/2023\/09\/Sustainability-page-images-4-300x244.png 300w, https:\/\/dycem.com\/wp-content\/uploads\/2023\/09\/Sustainability-page-images-4-1024x832.png 1024w, https:\/\/dycem.com\/wp-content\/uploads\/2023\/09\/Sustainability-page-images-4-768x624.png 768w, https:\/\/dycem.com\/wp-content\/uploads\/2023\/09\/Sustainability-page-images-4-1536x1248.png 1536w\" sizes=\"(max-width: 1600px) 100vw, 1600px\" title=\"\">\t\t\t\t\t\t\t\t\t\t\t\t\t\t\t<\/div>\n\t\t\t\t<\/div>\n\t\t\t\t<\/div>\n\t\t<div class=\"elementor-element elementor-element-78711568 e-con-full e-flex e-con e-child\" data-id=\"78711568\" data-element_type=\"container\" data-e-type=\"container\">\n\t\t\t\t<div class=\"elementor-element elementor-element-917cdb3 elementor-widget elementor-widget-heading\" data-id=\"917cdb3\" data-element_type=\"widget\" data-e-type=\"widget\" data-widget_type=\"heading.default\">\n\t\t\t\t<div class=\"elementor-widget-container\">\n\t\t\t\t\t<h2 class=\"elementor-heading-title elementor-size-default\">Wodurch wird ESD verursacht?\n<\/h2>\t\t\t\t<\/div>\n\t\t\t\t<\/div>\n\t\t\t\t<div class=\"elementor-element elementor-element-6d1eab4 elementor-widget elementor-widget-text-editor\" data-id=\"6d1eab4\" data-element_type=\"widget\" data-e-type=\"widget\" data-widget_type=\"text-editor.default\">\n\t\t\t\t<div class=\"elementor-widget-container\">\n\t\t\t\t\t\t\t\t\t<p>Elektrostatische Entladungen werden in der Regel durch Materialkontakt verursacht. Deshalb kommt es bei allt\u00e4glichen Vorg\u00e4ngen wie dem Gehen auf einem Teppich und dem Kontakt mit einer anderen Person vor. Schnelle Luftbewegungen oder zirkulierende Ventilatoren in der N\u00e4he elektronischer Ger\u00e4te k\u00f6nnen ebenfalls das ESD-Risiko erh\u00f6hen.<\/p>\n<p>Die Hauptursache f\u00fcr ESD ist Staub, und das Sauberhalten kritischer Bereiche kann dazu beitragen, Zwischenf\u00e4lle zu vermeiden.<\/p>\n\t\t\t\t\t\t\t\t<\/div>\n\t\t\t\t<\/div>\n\t\t\t\t<\/div>\n\t\t\t\t\t<\/div>\n\t\t\t\t<\/div>\n\t\t<div class=\"elementor-element elementor-element-6a186d6 dycem-half-half dycem-darkgrey e-flex e-con-boxed elementor-invisible e-con e-parent\" data-id=\"6a186d6\" data-element_type=\"container\" data-e-type=\"container\" data-settings=\"{&quot;background_background&quot;:&quot;classic&quot;,&quot;animation&quot;:&quot;fadeIn&quot;}\">\n\t\t\t\t\t<div class=\"e-con-inner\">\n\t\t<div class=\"elementor-element elementor-element-2451cc96 e-con-full e-flex e-con e-child\" data-id=\"2451cc96\" data-element_type=\"container\" data-e-type=\"container\">\n\t\t\t\t<div class=\"elementor-element elementor-element-612dfa10 elementor-widget elementor-widget-heading\" data-id=\"612dfa10\" data-element_type=\"widget\" data-e-type=\"widget\" data-widget_type=\"heading.default\">\n\t\t\t\t<div class=\"elementor-widget-container\">\n\t\t\t\t\t<h2 class=\"elementor-heading-title elementor-size-default\">Gefahren von ESD in industriellen Umgebungen<\/h2>\t\t\t\t<\/div>\n\t\t\t\t<\/div>\n\t\t\t\t<div class=\"elementor-element elementor-element-54ceea61 elementor-widget elementor-widget-text-editor\" data-id=\"54ceea61\" data-element_type=\"widget\" data-e-type=\"widget\" data-widget_type=\"text-editor.default\">\n\t\t\t\t<div class=\"elementor-widget-container\">\n\t\t\t\t\t\t\t\t\t<section class=\"section main-article-chapter\" data-menu-title=\"How to manage and prevent ESD\">\n<p>ESD kann f\u00fcr Arbeitsumgebungen wie Rechenzentren, Fertigung und Elektronik gef\u00e4hrlich sein und Probleme verursachen wie:<\/p>\n<ul>\n<li>Besch\u00e4digung exponierter elektronischer Bauteile <\/li>\n<li>Besch\u00e4digung oder Verlust von Daten in der Elektronik<\/li>\n<li>Wirkung als Z\u00fcndquelle, was zu Br\u00e4nden oder Explosionen f\u00fchrt<\/li>\n<li>Beeintr\u00e4chtigung des normalen Betriebs von elektronischen Ger\u00e4ten<\/li>\n<li>Verursachung von k\u00f6rperlichen Sch\u00e4den beim Personal, wenn die Entladung aus einer Hochspannungsumgebung stammt<\/li>\n<\/ul>\n<p>In diesen Umgebungen ist neben einem wirksamen ESD-Kontroll- und -Pr\u00e4ventionsplan eine angemessene Schulung und Sensibilisierung f\u00fcr ESD entscheidend.<\/p>\n<\/section>\n<section class=\"section main-article-chapter\" data-menu-title=\"ESD standards\"><\/section>\n\t\t\t\t\t\t\t\t<\/div>\n\t\t\t\t<\/div>\n\t\t\t\t<\/div>\n\t\t<div class=\"elementor-element elementor-element-441040a3 e-con-full e-flex e-con e-child\" data-id=\"441040a3\" data-element_type=\"container\" data-e-type=\"container\">\n\t\t\t\t<div class=\"elementor-element elementor-element-754f1f26 elementor-widget__width-inherit elementor-widget elementor-widget-image\" data-id=\"754f1f26\" data-element_type=\"widget\" data-e-type=\"widget\" data-widget_type=\"image.default\">\n\t\t\t\t<div class=\"elementor-widget-container\">\n\t\t\t\t\t\t\t\t\t\t\t\t\t\t\t<img decoding=\"async\" width=\"1600\" height=\"1300\" src=\"https:\/\/dycem.com\/wp-content\/uploads\/2023\/09\/Sustainability-page-images-3.webp\" class=\"attachment-full size-full wp-image-13002\" alt=\"\" title=\"\">\t\t\t\t\t\t\t\t\t\t\t\t\t\t\t<\/div>\n\t\t\t\t<\/div>\n\t\t\t\t<\/div>\n\t\t\t\t\t<\/div>\n\t\t\t\t<\/div>\n\t\t<div class=\"elementor-element elementor-element-e0bc244 dycem-half-half-reverse dycem-grey e-flex e-con-boxed elementor-invisible e-con e-parent\" data-id=\"e0bc244\" data-element_type=\"container\" data-e-type=\"container\" data-settings=\"{&quot;background_background&quot;:&quot;classic&quot;,&quot;animation&quot;:&quot;fadeIn&quot;}\">\n\t\t\t\t\t<div class=\"e-con-inner\">\n\t\t<div class=\"elementor-element elementor-element-8403405 e-con-full e-flex e-con e-child\" data-id=\"8403405\" data-element_type=\"container\" data-e-type=\"container\">\n\t\t\t\t<div class=\"elementor-element elementor-element-05c9cec elementor-widget__width-inherit elementor-widget elementor-widget-image\" data-id=\"05c9cec\" data-element_type=\"widget\" data-e-type=\"widget\" data-widget_type=\"image.default\">\n\t\t\t\t<div class=\"elementor-widget-container\">\n\t\t\t\t\t\t\t\t\t\t\t\t\t\t\t<img loading=\"lazy\" decoding=\"async\" width=\"1600\" height=\"1300\" src=\"https:\/\/dycem.com\/wp-content\/uploads\/2023\/09\/Sustainability-page-images-5.webp\" class=\"attachment-full size-full wp-image-12994\" alt=\"\" title=\"\">\t\t\t\t\t\t\t\t\t\t\t\t\t\t\t<\/div>\n\t\t\t\t<\/div>\n\t\t\t\t<\/div>\n\t\t<div class=\"elementor-element elementor-element-3979c17 e-con-full e-flex e-con e-child\" data-id=\"3979c17\" data-element_type=\"container\" data-e-type=\"container\">\n\t\t\t\t<div class=\"elementor-element elementor-element-b575c71 elementor-widget elementor-widget-heading\" data-id=\"b575c71\" data-element_type=\"widget\" data-e-type=\"widget\" data-widget_type=\"heading.default\">\n\t\t\t\t<div class=\"elementor-widget-container\">\n\t\t\t\t\t<h2 class=\"elementor-heading-title elementor-size-default\">Wie ESD verhindert werden kann<\/h2>\t\t\t\t<\/div>\n\t\t\t\t<\/div>\n\t\t\t\t<div class=\"elementor-element elementor-element-1134333 elementor-widget elementor-widget-text-editor\" data-id=\"1134333\" data-element_type=\"widget\" data-e-type=\"widget\" data-widget_type=\"text-editor.default\">\n\t\t\t\t<div class=\"elementor-widget-container\">\n\t\t\t\t\t\t\t\t\t<section class=\"section main-article-chapter\" data-menu-title=\"How to manage and prevent ESD\">Elektrostatische Entladungen treten ohne Vorwarnung auf, daher ist Vorbeugung der beste Weg, um das Auftreten von elektrostatischen Entladungen zu kontrollieren und zu reduzieren. ESD kann elektronische Ger\u00e4te besch\u00e4digen. Daher ist es wichtig, in Ihrem kritischen Bereich ESD-Pr\u00e4ventionsma\u00dfnahmen vorzusehen, um sicherzustellen, dass Ihre Ger\u00e4te vor diesen Ereignissen gesch\u00fctzt sind. Die folgenden Ma\u00dfnahmen k\u00f6nnen dazu beitragen:<\/section><section class=\"section main-article-chapter\" data-menu-title=\"How to manage and prevent ESD\"><br><\/section>\n<section class=\"section main-article-chapter\" data-menu-title=\"How to manage and prevent ESD\"><\/section>\n<section class=\"section main-article-chapter\" data-menu-title=\"How to manage and prevent ESD\"><\/section>\n<section class=\"section main-article-chapter\" data-menu-title=\"How to manage and prevent ESD\"><\/section>\n<section data-menu-title=\"How to manage and prevent ESD\"><\/section>\n<section data-menu-title=\"How to manage and prevent ESD\"><\/section>\n<section class=\"section main-article-chapter\" data-menu-title=\"How to manage and prevent ESD\">\n<ul>\n<li>Verwenden Sie ESD-sichere Bodenbel\u00e4ge und Matten, um den Boden in kritischen Bereichen abzudecken<\/li>\n<li>Stellen Sie sicher, dass alle Betriebsmittel und M\u00f6bel ESD-sicher sind<\/li>\n<li>Legen Sie Antistatikmatten auf die Schreibtische, um Ger\u00e4te vor ESD zu sch\u00fctzen<\/li>\n<li>Entfernen Sie alles Unn\u00f6tige aus kritischen Bereichen<\/li>\n<li>Tragen Sie ESD-sichere Schuhe<\/li>\n<li>Verwenden Sie bei Bedarf statikreduzierende Verpackungen<\/li>\n<\/ul>\n<\/section>\n<section class=\"section main-article-chapter\" data-menu-title=\"ESD standards\"><\/section>\t\t\t\t\t\t\t\t<\/div>\n\t\t\t\t<\/div>\n\t\t\t\t<\/div>\n\t\t\t\t\t<\/div>\n\t\t\t\t<\/div>\n\t\t<div class=\"elementor-element elementor-element-aac2e88 e-flex e-con-boxed e-con e-parent\" data-id=\"aac2e88\" data-element_type=\"container\" data-e-type=\"container\">\n\t\t\t\t\t<div class=\"e-con-inner\">\n\t\t\t\t<div class=\"elementor-element elementor-element-759846f elementor-widget elementor-widget-spacer\" data-id=\"759846f\" data-element_type=\"widget\" data-e-type=\"widget\" data-widget_type=\"spacer.default\">\n\t\t\t\t<div class=\"elementor-widget-container\">\n\t\t\t\t\t\t\t<div class=\"elementor-spacer\">\n\t\t\t<div class=\"elementor-spacer-inner\"><\/div>\n\t\t<\/div>\n\t\t\t\t\t\t<\/div>\n\t\t\t\t<\/div>\n\t\t\t\t\t<\/div>\n\t\t\t\t<\/div>\n\t\t\t\t<\/div>\n\t\t","protected":false},"excerpt":{"rendered":"<p>Elektrostatische Entladung (ESD) Statische Elektrizit\u00e4t, auch bekannt als elektrostatische Entladung (ESD), ist eine vertraute Erscheinung im t\u00e4glichen Leben, von allt\u00e4glichen Aufgaben wie dem Entladen von W\u00e4sche aus einem Trockner bis hin zum Gehen \u00fcber einen Teppich oder dem H\u00e4ndesch\u00fctteln. W\u00e4hrend diese Schocks in bestimmten Kontexten unbedeutend erscheinen m\u00f6gen, stellen sie in Branchen wie Datenzentren, Automobil-&hellip;<\/p>\n","protected":false},"author":3,"featured_media":9671,"parent":0,"menu_order":0,"comment_status":"closed","ping_status":"closed","template":"","meta":{"_acf_changed":false,"content-type":"","inline_featured_image":false,"site-sidebar-layout":"no-sidebar","site-content-layout":"page-builder","ast-site-content-layout":"full-width-container","site-content-style":"unboxed","site-sidebar-style":"unboxed","ast-global-header-display":"","ast-banner-title-visibility":"","ast-main-header-display":"","ast-hfb-above-header-display":"","ast-hfb-below-header-display":"","ast-hfb-mobile-header-display":"","site-post-title":"disabled","ast-breadcrumbs-content":"","ast-featured-img":"disabled","footer-sml-layout":"","ast-disable-related-posts":"","theme-transparent-header-meta":"default","adv-header-id-meta":"","stick-header-meta":"default","header-above-stick-meta":"","header-main-stick-meta":"","header-below-stick-meta":"","astra-migrate-meta-layouts":"default","ast-page-background-enabled":"default","ast-page-background-meta":{"desktop":{"background-color":"","background-image":"","background-repeat":"repeat","background-position":"center center","background-size":"auto","background-attachment":"scroll","background-type":"","background-media":"","overlay-type":"","overlay-color":"","overlay-opacity":"","overlay-gradient":""},"tablet":{"background-color":"","background-image":"","background-repeat":"repeat","background-position":"center center","background-size":"auto","background-attachment":"scroll","background-type":"","background-media":"","overlay-type":"","overlay-color":"","overlay-opacity":"","overlay-gradient":""},"mobile":{"background-color":"","background-image":"","background-repeat":"repeat","background-position":"center center","background-size":"auto","background-attachment":"scroll","background-type":"","background-media":"","overlay-type":"","overlay-color":"","overlay-opacity":"","overlay-gradient":""}},"ast-content-background-meta":{"desktop":{"background-color":"var(--ast-global-color-5)","background-image":"","background-repeat":"repeat","background-position":"center center","background-size":"auto","background-attachment":"scroll","background-type":"","background-media":"","overlay-type":"","overlay-color":"","overlay-opacity":"","overlay-gradient":""},"tablet":{"background-color":"var(--ast-global-color-5)","background-image":"","background-repeat":"repeat","background-position":"center center","background-size":"auto","background-attachment":"scroll","background-type":"","background-media":"","overlay-type":"","overlay-color":"","overlay-opacity":"","overlay-gradient":""},"mobile":{"background-color":"var(--ast-global-color-5)","background-image":"","background-repeat":"repeat","background-position":"center center","background-size":"auto","background-attachment":"scroll","background-type":"","background-media":"","overlay-type":"","overlay-color":"","overlay-opacity":"","overlay-gradient":""}},"footnotes":""},"class_list":["post-18980","page","type-page","status-publish","has-post-thumbnail","hentry"],"acf":[],"_links":{"self":[{"href":"https:\/\/dycem.com\/de\/wp-json\/wp\/v2\/pages\/18980","targetHints":{"allow":["GET"]}}],"collection":[{"href":"https:\/\/dycem.com\/de\/wp-json\/wp\/v2\/pages"}],"about":[{"href":"https:\/\/dycem.com\/de\/wp-json\/wp\/v2\/types\/page"}],"author":[{"embeddable":true,"href":"https:\/\/dycem.com\/de\/wp-json\/wp\/v2\/users\/3"}],"replies":[{"embeddable":true,"href":"https:\/\/dycem.com\/de\/wp-json\/wp\/v2\/comments?post=18980"}],"version-history":[{"count":10,"href":"https:\/\/dycem.com\/de\/wp-json\/wp\/v2\/pages\/18980\/revisions"}],"predecessor-version":[{"id":27088,"href":"https:\/\/dycem.com\/de\/wp-json\/wp\/v2\/pages\/18980\/revisions\/27088"}],"wp:featuredmedia":[{"embeddable":true,"href":"https:\/\/dycem.com\/de\/wp-json\/wp\/v2\/media\/9671"}],"wp:attachment":[{"href":"https:\/\/dycem.com\/de\/wp-json\/wp\/v2\/media?parent=18980"}],"curies":[{"name":"wp","href":"https:\/\/api.w.org\/{rel}","templated":true}]}}