{"id":19025,"date":"2023-05-18T08:46:52","date_gmt":"2023-05-18T07:46:52","guid":{"rendered":"https:\/\/dycem.com\/dycem-vs-alternativen\/"},"modified":"2024-02-06T19:46:38","modified_gmt":"2024-02-06T19:46:38","slug":"dycem-vs-alternativen","status":"publish","type":"page","link":"https:\/\/dycem.com\/de\/dycem-vs-alternativen\/","title":{"rendered":"Dycem vs. Alternativen"},"content":{"rendered":"\t\t<div data-elementor-type=\"wp-page\" data-elementor-id=\"19025\" class=\"elementor elementor-19025 elementor-1636\" data-elementor-post-type=\"page\">\n\t\t\t\t<div class=\"elementor-element elementor-element-78fbf97c dycem-title dycem-white e-flex e-con-boxed e-con e-parent\" data-id=\"78fbf97c\" data-element_type=\"container\" data-e-type=\"container\">\n\t\t\t\t\t<div class=\"e-con-inner\">\n\t\t\t\t<div class=\"elementor-element elementor-element-4765e5b9 dycem-title-accent-red elementor-widget elementor-widget-heading\" data-id=\"4765e5b9\" data-element_type=\"widget\" data-e-type=\"widget\" data-widget_type=\"heading.default\">\n\t\t\t\t<div class=\"elementor-widget-container\">\n\t\t\t\t\t<h1 class=\"elementor-heading-title elementor-size-default\">Kontaminationskontrolle: Dycem\u00ae-Alternativen \n<\/h1>\t\t\t\t<\/div>\n\t\t\t\t<\/div>\n\t\t\t\t<div class=\"elementor-element elementor-element-18843b6 elementor-widget elementor-widget-html\" data-id=\"18843b6\" data-element_type=\"widget\" data-e-type=\"widget\" data-widget_type=\"html.default\">\n\t\t\t\t<div class=\"elementor-widget-container\">\n\t\t\t\t\t<!-- Start of HubSpot Embed Code -->\n<script type=\"text\/javascript\" id=\"hs-script-loader\" async=\"\" defer src=\"\/\/js-eu1.hs-scripts.com\/26686903.js\"><\/script>\n<!-- End of HubSpot Embed Code -->\t\t\t\t<\/div>\n\t\t\t\t<\/div>\n\t\t\t\t<div class=\"elementor-element elementor-element-5f2ba3e3 elementor-widget elementor-widget-text-editor\" data-id=\"5f2ba3e3\" data-element_type=\"widget\" data-e-type=\"widget\" data-widget_type=\"text-editor.default\">\n\t\t\t\t<div class=\"elementor-widget-container\">\n\t\t\t\t\t\t\t\t\t<p>Es gibt mehrere M\u00f6glichkeiten, die Kontamination durch Schuhe und R\u00e4der zu kontrollieren. Diese M\u00f6glichkeiten sind zwar g\u00e4ngige und akzeptierte Praktiken, bergen jedoch Risiken, die nicht \u00fcbersehen werden sollten. Produktwirksamkeit, Lebensdauer, Gesamtkosten, Benutzerschulung und Ausfallzeiten sowie Entsorgung und Abfall sind alles Bereiche, die bei der Auswahl einer L\u00f6sung zu ber\u00fccksichtigen sind. Dycem \u00fcbertrifft seine Alternativen in all diesen Kategorien.<\/p>\n\t\t\t\t\t\t\t\t<\/div>\n\t\t\t\t<\/div>\n\t\t\t\t\t<\/div>\n\t\t\t\t<\/div>\n\t\t<div class=\"elementor-element elementor-element-785f72dc dycem-three-columns dycem-white e-flex e-con-boxed e-con e-parent\" data-id=\"785f72dc\" data-element_type=\"container\" data-e-type=\"container\">\n\t\t\t\t\t<div class=\"e-con-inner\">\n\t\t<div class=\"elementor-element elementor-element-2273ae20 e-flex e-con-boxed e-con e-child\" data-id=\"2273ae20\" data-element_type=\"container\" data-e-type=\"container\" data-settings=\"{&quot;background_background&quot;:&quot;classic&quot;}\">\n\t\t\t\t\t<div class=\"e-con-inner\">\n\t\t<div class=\"elementor-element elementor-element-7fa19cdd e-flex e-con-boxed e-con e-child\" data-id=\"7fa19cdd\" data-element_type=\"container\" data-e-type=\"container\" data-settings=\"{&quot;background_background&quot;:&quot;classic&quot;}\">\n\t\t\t\t\t<div class=\"e-con-inner\">\n\t\t<div class=\"elementor-element elementor-element-1b54043f e-flex e-con-boxed e-con e-child\" data-id=\"1b54043f\" data-element_type=\"container\" data-e-type=\"container\">\n\t\t\t\t\t<div class=\"e-con-inner\">\n\t\t\t\t<div class=\"elementor-element elementor-element-6f0bf9e7 elementor-widget elementor-widget-image\" data-id=\"6f0bf9e7\" data-element_type=\"widget\" data-e-type=\"widget\" data-widget_type=\"image.default\">\n\t\t\t\t<div class=\"elementor-widget-container\">\n\t\t\t\t\t\t\t\t\t\t\t\t\t\t\t<img fetchpriority=\"high\" decoding=\"async\" width=\"350\" height=\"230\" src=\"https:\/\/dycem.com\/wp-content\/uploads\/2023\/11\/dycem-alternatives.webp\" class=\"attachment-full size-full wp-image-17033\" alt=\"dycem alternatives\" srcset=\"https:\/\/dycem.com\/wp-content\/uploads\/2023\/11\/dycem-alternatives.webp 350w, https:\/\/dycem.com\/wp-content\/uploads\/2023\/11\/dycem-alternatives-300x197.webp 300w\" sizes=\"(max-width: 350px) 100vw, 350px\" title=\"\">\t\t\t\t\t\t\t\t\t\t\t\t\t\t\t<\/div>\n\t\t\t\t<\/div>\n\t\t<div class=\"elementor-element elementor-element-6420a6f6 e-flex e-con-boxed e-con e-child\" data-id=\"6420a6f6\" data-element_type=\"container\" data-e-type=\"container\">\n\t\t\t\t\t<div class=\"e-con-inner\">\n\t\t\t\t<div class=\"elementor-element elementor-element-681caaf6 elementor-widget elementor-widget-heading\" data-id=\"681caaf6\" data-element_type=\"widget\" data-e-type=\"widget\" data-widget_type=\"heading.default\">\n\t\t\t\t<div class=\"elementor-widget-container\">\n\t\t\t\t\t<h3 class=\"elementor-heading-title elementor-size-default\">DYCEM\u00ae IM VERGLEICH MIT KLEBEMATTEN<\/h3>\t\t\t\t<\/div>\n\t\t\t\t<\/div>\n\t\t\t\t<div class=\"elementor-element elementor-element-44862ef1 elementor-widget elementor-widget-text-editor\" data-id=\"44862ef1\" data-element_type=\"widget\" data-e-type=\"widget\" data-widget_type=\"text-editor.default\">\n\t\t\t\t<div class=\"elementor-widget-container\">\n\t\t\t\t\t\t\t\t\t<p>Wissenschaftliche Untersuchungen zeigen, dass Einweg-Klebematten aus Klebstoffen nur zu 27 % wirksam sind, um Kontamination durch Schuhe und R\u00e4der zu verhindern. Erfahren Sie mehr \u00fcber diese erschreckende Statistik sowie \u00fcber die anderen Risiken, die von Klebematten ausgehen.<\/p>\n\t\t\t\t\t\t\t\t<\/div>\n\t\t\t\t<\/div>\n\t\t\t\t\t<\/div>\n\t\t\t\t<\/div>\n\t\t\t\t\t<\/div>\n\t\t\t\t<\/div>\n\t\t<div class=\"elementor-element elementor-element-62f558bf e-flex e-con-boxed e-con e-child\" data-id=\"62f558bf\" data-element_type=\"container\" data-e-type=\"container\">\n\t\t\t\t\t<div class=\"e-con-inner\">\n\t\t\t\t<div class=\"elementor-element elementor-element-23bdb211 dycem-button-arrow-blue elementor-widget elementor-widget-button\" data-id=\"23bdb211\" data-element_type=\"widget\" data-e-type=\"widget\" data-widget_type=\"button.default\">\n\t\t\t\t<div class=\"elementor-widget-container\">\n\t\t\t\t\t\t\t\t\t<div class=\"elementor-button-wrapper\">\n\t\t\t\t\t<a class=\"elementor-button elementor-button-link elementor-size-sm\" href=\"https:\/\/dycem.com\/de\/dycem-im-vergleich-mit-klebematten\/\">\n\t\t\t\t\t\t<span class=\"elementor-button-content-wrapper\">\n\t\t\t\t\t\t\t\t\t<span class=\"elementor-button-text\">MEHR ERFAHREN<\/span>\n\t\t\t\t\t<\/span>\n\t\t\t\t\t<\/a>\n\t\t\t\t<\/div>\n\t\t\t\t\t\t\t\t<\/div>\n\t\t\t\t<\/div>\n\t\t\t\t\t<\/div>\n\t\t\t\t<\/div>\n\t\t\t\t\t<\/div>\n\t\t\t\t<\/div>\n\t\t<div class=\"elementor-element elementor-element-11f45022 e-flex e-con-boxed e-con e-child\" data-id=\"11f45022\" data-element_type=\"container\" data-e-type=\"container\" data-settings=\"{&quot;background_background&quot;:&quot;classic&quot;}\">\n\t\t\t\t\t<div class=\"e-con-inner\">\n\t\t<div class=\"elementor-element elementor-element-2eda3754 e-flex e-con-boxed e-con e-child\" data-id=\"2eda3754\" data-element_type=\"container\" data-e-type=\"container\">\n\t\t\t\t\t<div class=\"e-con-inner\">\n\t\t\t\t<div class=\"elementor-element elementor-element-17dd59e elementor-widget elementor-widget-image\" data-id=\"17dd59e\" data-element_type=\"widget\" data-e-type=\"widget\" data-widget_type=\"image.default\">\n\t\t\t\t<div class=\"elementor-widget-container\">\n\t\t\t\t\t\t\t\t\t\t\t\t\t\t\t<img decoding=\"async\" width=\"350\" height=\"230\" src=\"https:\/\/dycem.com\/wp-content\/uploads\/2023\/11\/dycem-alternatives-2.webp\" class=\"attachment-full size-full wp-image-17037\" alt=\"dycem alternatives\" srcset=\"https:\/\/dycem.com\/wp-content\/uploads\/2023\/11\/dycem-alternatives-2.webp 350w, https:\/\/dycem.com\/wp-content\/uploads\/2023\/11\/dycem-alternatives-2-300x197.webp 300w\" sizes=\"(max-width: 350px) 100vw, 350px\" title=\"\">\t\t\t\t\t\t\t\t\t\t\t\t\t\t\t<\/div>\n\t\t\t\t<\/div>\n\t\t<div class=\"elementor-element elementor-element-3b8af3a3 e-flex e-con-boxed e-con e-child\" data-id=\"3b8af3a3\" data-element_type=\"container\" data-e-type=\"container\">\n\t\t\t\t\t<div class=\"e-con-inner\">\n\t\t\t\t<div class=\"elementor-element elementor-element-70506e54 elementor-widget elementor-widget-heading\" data-id=\"70506e54\" data-element_type=\"widget\" data-e-type=\"widget\" data-widget_type=\"heading.default\">\n\t\t\t\t<div class=\"elementor-widget-container\">\n\t\t\t\t\t<h3 class=\"elementor-heading-title elementor-size-default\">DYCEM\u00ae IM VERGLEICH MIT FUSSB\u00c4DERN UND DESINFEKTIONSMATTEN<\/h3>\t\t\t\t<\/div>\n\t\t\t\t<\/div>\n\t\t\t\t<div class=\"elementor-element elementor-element-a41d67b elementor-widget elementor-widget-text-editor\" data-id=\"a41d67b\" data-element_type=\"widget\" data-e-type=\"widget\" data-widget_type=\"text-editor.default\">\n\t\t\t\t<div class=\"elementor-widget-container\">\n\t\t\t\t\t\t\t\t\t<p>Um die Ausbreitung von Krankheitserregern zu verhindern, werden in Fabriken, die Lebensmittel, Getr\u00e4nke oder Nahrungsprodukte herstellen, h\u00e4ufig Fu\u00dfb\u00e4der und Desinfektionsmatten eingesetzt. Ihr Gebrauch hat viele nachteilige Auswirkungen.<\/p>\n\t\t\t\t\t\t\t\t<\/div>\n\t\t\t\t<\/div>\n\t\t\t\t\t<\/div>\n\t\t\t\t<\/div>\n\t\t\t\t\t<\/div>\n\t\t\t\t<\/div>\n\t\t<div class=\"elementor-element elementor-element-d0cd69e e-flex e-con-boxed e-con e-child\" data-id=\"d0cd69e\" data-element_type=\"container\" data-e-type=\"container\">\n\t\t\t\t\t<div class=\"e-con-inner\">\n\t\t\t\t<div class=\"elementor-element elementor-element-6256f7b dycem-button-arrow-blue elementor-widget elementor-widget-button\" data-id=\"6256f7b\" data-element_type=\"widget\" data-e-type=\"widget\" data-widget_type=\"button.default\">\n\t\t\t\t<div class=\"elementor-widget-container\">\n\t\t\t\t\t\t\t\t\t<div class=\"elementor-button-wrapper\">\n\t\t\t\t\t<a class=\"elementor-button elementor-button-link elementor-size-sm\" href=\"https:\/\/dycem.com\/de\/dycem-im-vergleich-mit-fussbaedern-und-desinfektionsmatten\/\">\n\t\t\t\t\t\t<span class=\"elementor-button-content-wrapper\">\n\t\t\t\t\t\t\t\t\t<span class=\"elementor-button-text\">MEHR ERFAHREN<\/span>\n\t\t\t\t\t<\/span>\n\t\t\t\t\t<\/a>\n\t\t\t\t<\/div>\n\t\t\t\t\t\t\t\t<\/div>\n\t\t\t\t<\/div>\n\t\t\t\t\t<\/div>\n\t\t\t\t<\/div>\n\t\t\t\t\t<\/div>\n\t\t\t\t<\/div>\n\t\t<div class=\"elementor-element elementor-element-11480059 e-flex e-con-boxed e-con e-child\" data-id=\"11480059\" data-element_type=\"container\" data-e-type=\"container\" data-settings=\"{&quot;background_background&quot;:&quot;classic&quot;}\">\n\t\t\t\t\t<div class=\"e-con-inner\">\n\t\t<div class=\"elementor-element elementor-element-40186549 e-flex e-con-boxed e-con e-child\" data-id=\"40186549\" data-element_type=\"container\" data-e-type=\"container\">\n\t\t\t\t\t<div class=\"e-con-inner\">\n\t\t\t\t<div class=\"elementor-element elementor-element-7de0b97 elementor-widget elementor-widget-image\" data-id=\"7de0b97\" data-element_type=\"widget\" data-e-type=\"widget\" data-widget_type=\"image.default\">\n\t\t\t\t<div class=\"elementor-widget-container\">\n\t\t\t\t\t\t\t\t\t\t\t\t\t\t\t<img decoding=\"async\" width=\"760\" height=\"500\" src=\"https:\/\/dycem.com\/wp-content\/uploads\/2023\/11\/dycem-alternatives-3.webp\" class=\"attachment-full size-full wp-image-17041\" alt=\"dycem alternatives\" srcset=\"https:\/\/dycem.com\/wp-content\/uploads\/2023\/11\/dycem-alternatives-3.webp 760w, https:\/\/dycem.com\/wp-content\/uploads\/2023\/11\/dycem-alternatives-3-300x197.webp 300w\" sizes=\"(max-width: 760px) 100vw, 760px\" title=\"\">\t\t\t\t\t\t\t\t\t\t\t\t\t\t\t<\/div>\n\t\t\t\t<\/div>\n\t\t<div class=\"elementor-element elementor-element-2d9b2be6 e-flex e-con-boxed e-con e-child\" data-id=\"2d9b2be6\" data-element_type=\"container\" data-e-type=\"container\">\n\t\t\t\t\t<div class=\"e-con-inner\">\n\t\t\t\t<div class=\"elementor-element elementor-element-47ae0f67 elementor-widget elementor-widget-heading\" data-id=\"47ae0f67\" data-element_type=\"widget\" data-e-type=\"widget\" data-widget_type=\"heading.default\">\n\t\t\t\t<div class=\"elementor-widget-container\">\n\t\t\t\t\t<h3 class=\"elementor-heading-title elementor-size-default\">DYCEM\u00ae IM VERGLEICH MIT \u00dcBERSCHUHEN<\/h3>\t\t\t\t<\/div>\n\t\t\t\t<\/div>\n\t\t\t\t<div class=\"elementor-element elementor-element-3ce2794 elementor-widget elementor-widget-text-editor\" data-id=\"3ce2794\" data-element_type=\"widget\" data-e-type=\"widget\" data-widget_type=\"text-editor.default\">\n\t\t\t\t<div class=\"elementor-widget-container\">\n\t\t\t\t\t\t\t\t\t<p>\u00dcberschuhe werden h\u00e4ufig als Teil der Umkleideverfahren in Reinr\u00e4umen und kontrollierten Bereichen verwendet. Sie sind zwar wirksam, bergen aber auch einige Risiken, die nicht au\u00dfer Acht gelassen werden sollten.<\/p>\n\t\t\t\t\t\t\t\t<\/div>\n\t\t\t\t<\/div>\n\t\t\t\t\t<\/div>\n\t\t\t\t<\/div>\n\t\t\t\t\t<\/div>\n\t\t\t\t<\/div>\n\t\t<div class=\"elementor-element elementor-element-269535e2 e-flex e-con-boxed e-con e-child\" data-id=\"269535e2\" data-element_type=\"container\" data-e-type=\"container\">\n\t\t\t\t\t<div class=\"e-con-inner\">\n\t\t\t\t<div class=\"elementor-element elementor-element-5404a6d3 dycem-button-arrow-blue elementor-widget elementor-widget-button\" data-id=\"5404a6d3\" data-element_type=\"widget\" data-e-type=\"widget\" data-widget_type=\"button.default\">\n\t\t\t\t<div class=\"elementor-widget-container\">\n\t\t\t\t\t\t\t\t\t<div class=\"elementor-button-wrapper\">\n\t\t\t\t\t<a class=\"elementor-button elementor-button-link elementor-size-sm\" href=\"https:\/\/dycem.com\/de\/dycem-im-vergleich-mit-ueberschuhen\/\">\n\t\t\t\t\t\t<span class=\"elementor-button-content-wrapper\">\n\t\t\t\t\t\t\t\t\t<span class=\"elementor-button-text\">MEHR ERFAHREN<\/span>\n\t\t\t\t\t<\/span>\n\t\t\t\t\t<\/a>\n\t\t\t\t<\/div>\n\t\t\t\t\t\t\t\t<\/div>\n\t\t\t\t<\/div>\n\t\t\t\t\t<\/div>\n\t\t\t\t<\/div>\n\t\t\t\t\t<\/div>\n\t\t\t\t<\/div>\n\t\t\t\t\t<\/div>\n\t\t\t\t<\/div>\n\t\t\t\t\t<\/div>\n\t\t\t\t<\/div>\n\t\t<div class=\"elementor-element elementor-element-f4b5e72 dycem-cta dycem-blue e-flex e-con-boxed e-con e-parent\" data-id=\"f4b5e72\" data-element_type=\"container\" data-e-type=\"container\" data-settings=\"{&quot;background_background&quot;:&quot;classic&quot;}\">\n\t\t\t\t\t<div class=\"e-con-inner\">\n\t\t<div class=\"elementor-element elementor-element-9b62835 e-flex e-con-boxed e-con e-child\" data-id=\"9b62835\" data-element_type=\"container\" data-e-type=\"container\">\n\t\t\t\t\t<div class=\"e-con-inner\">\n\t\t\t\t<div class=\"elementor-element elementor-element-20fd3c9 elementor-widget elementor-widget-image\" data-id=\"20fd3c9\" data-element_type=\"widget\" data-e-type=\"widget\" data-widget_type=\"image.default\">\n\t\t\t\t<div class=\"elementor-widget-container\">\n\t\t\t\t\t\t\t\t\t\t\t\t\t\t\t<img loading=\"lazy\" decoding=\"async\" width=\"426\" height=\"426\" src=\"https:\/\/dycem.com\/wp-content\/uploads\/2023\/06\/Testing-Icon-white.webp\" class=\"attachment-full size-full wp-image-5459\" alt=\"\" title=\"\">\t\t\t\t\t\t\t\t\t\t\t\t\t\t\t<\/div>\n\t\t\t\t<\/div>\n\t\t\t\t<div class=\"elementor-element elementor-element-eb9fa2a uael-dual-heading-align-left elementor-widget elementor-widget-uael-dual-color-heading\" data-id=\"eb9fa2a\" data-element_type=\"widget\" data-e-type=\"widget\" data-settings=\"{&quot;_animation&quot;:&quot;none&quot;}\" data-widget_type=\"uael-dual-color-heading.default\">\n\t\t\t\t<div class=\"elementor-widget-container\">\n\t\t\t\t\t\t\t\t\t<div class=\"uael-module-content uael-dual-color-heading uael-heading-stack-none\">\n\t\t\t<h2>\n\t\t\t\t\t\t\t\t\t\t\t\t\t\t\t\t<span class=\"uael-before-heading\"><span class=\"elementor-inline-editing uael-dual-heading-text uael-first-text\" data-elementor-setting-key=\"before_heading_text\" data-elementor-inline-editing-toolbar=\"basic\">Die Fakten kennen<\/span><\/span><span class=\"uael-adv-heading-stack\"><span class=\"elementor-inline-editing uael-dual-heading-text uael-highlight-text\" data-elementor-setting-key=\"second_heading_text\" data-elementor-inline-editing-toolbar=\"basic\">...<\/span><\/span>\t\t\t\t\t\t\t\t\t\t\t\t\t<\/h2>\n\t\t<\/div>\n\t\t\t\t\t\t<\/div>\n\t\t\t\t<\/div>\n\t\t\t\t\t<\/div>\n\t\t\t\t<\/div>\n\t\t<div class=\"elementor-element elementor-element-44a00d1 e-flex e-con-boxed e-con e-child\" data-id=\"44a00d1\" data-element_type=\"container\" data-e-type=\"container\">\n\t\t\t\t\t<div class=\"e-con-inner\">\n\t\t\t\t<div class=\"elementor-element elementor-element-4e2a83c elementor-widget elementor-widget-heading\" data-id=\"4e2a83c\" data-element_type=\"widget\" data-e-type=\"widget\" data-widget_type=\"heading.default\">\n\t\t\t\t<div class=\"elementor-widget-container\">\n\t\t\t\t\t<h3 class=\"elementor-heading-title elementor-size-default\">Verwenden Sie derzeit eine Alternative zu Dycem?<\/h3>\t\t\t\t<\/div>\n\t\t\t\t<\/div>\n\t\t\t\t<div class=\"elementor-element elementor-element-338ff47 elementor-widget elementor-widget-text-editor\" data-id=\"338ff47\" data-element_type=\"widget\" data-e-type=\"widget\" data-widget_type=\"text-editor.default\">\n\t\t\t\t<div class=\"elementor-widget-container\">\n\t\t\t\t\t\t\t\t\t<p>Vergewissern Sie sich, dass Sie die Risiken g\u00e4ngiger L\u00f6sungen zur Kontaminationskontrolle kennen. Laden Sie unsere Vergleichsbrosch\u00fcre herunter, um mehr zu erfahren!<\/p>\n\t\t\t\t\t\t\t\t<\/div>\n\t\t\t\t<\/div>\n\t\t\t\t\t<\/div>\n\t\t\t\t<\/div>\n\t\t\t\t<div class=\"elementor-element elementor-element-4456a87 dycem-button-arrow-white elementor-align-right elementor-mobile-align-center elementor-widget__width-initial elementor-widget elementor-widget-button\" data-id=\"4456a87\" data-element_type=\"widget\" data-e-type=\"widget\" data-widget_type=\"button.default\">\n\t\t\t\t<div class=\"elementor-widget-container\">\n\t\t\t\t\t\t\t\t\t<div class=\"elementor-button-wrapper\">\n\t\t\t\t\t<a class=\"elementor-button elementor-button-link elementor-size-sm\" href=\"https:\/\/marketing.dycem.com\/comparison-brochure-download\">\n\t\t\t\t\t\t<span class=\"elementor-button-content-wrapper\">\n\t\t\t\t\t\t\t\t\t<span class=\"elementor-button-text\">Sehen Sie den Unterschied<\/span>\n\t\t\t\t\t<\/span>\n\t\t\t\t\t<\/a>\n\t\t\t\t<\/div>\n\t\t\t\t\t\t\t\t<\/div>\n\t\t\t\t<\/div>\n\t\t\t\t\t<\/div>\n\t\t\t\t<\/div>\n\t\t<div class=\"elementor-element elementor-element-c292ae5 e-flex e-con-boxed e-con e-parent\" data-id=\"c292ae5\" data-element_type=\"container\" data-e-type=\"container\">\n\t\t\t\t\t<div class=\"e-con-inner\">\n\t\t\t\t<div class=\"elementor-element elementor-element-0565a83 elementor-widget elementor-widget-spacer\" data-id=\"0565a83\" data-element_type=\"widget\" data-e-type=\"widget\" data-widget_type=\"spacer.default\">\n\t\t\t\t<div class=\"elementor-widget-container\">\n\t\t\t\t\t\t\t<div class=\"elementor-spacer\">\n\t\t\t<div class=\"elementor-spacer-inner\"><\/div>\n\t\t<\/div>\n\t\t\t\t\t\t<\/div>\n\t\t\t\t<\/div>\n\t\t\t\t\t<\/div>\n\t\t\t\t<\/div>\n\t\t\t\t<\/div>\n\t\t","protected":false},"excerpt":{"rendered":"<p>Kontaminationskontrolle: Dycem\u00ae-Alternativen Es gibt mehrere M\u00f6glichkeiten, die Kontamination durch Schuhe und R\u00e4der zu kontrollieren. Diese M\u00f6glichkeiten sind zwar g\u00e4ngige und akzeptierte Praktiken, bergen jedoch Risiken, die nicht \u00fcbersehen werden sollten. Produktwirksamkeit, Lebensdauer, Gesamtkosten, Benutzerschulung und Ausfallzeiten sowie Entsorgung und Abfall sind alles Bereiche, die bei der Auswahl einer L\u00f6sung zu ber\u00fccksichtigen sind. Dycem \u00fcbertrifft seine&hellip;<\/p>\n","protected":false},"author":3,"featured_media":1588,"parent":0,"menu_order":0,"comment_status":"closed","ping_status":"closed","template":"","meta":{"_acf_changed":false,"content-type":"","inline_featured_image":false,"site-sidebar-layout":"no-sidebar","site-content-layout":"page-builder","ast-site-content-layout":"full-width-container","site-content-style":"unboxed","site-sidebar-style":"unboxed","ast-global-header-display":"","ast-banner-title-visibility":"","ast-main-header-display":"","ast-hfb-above-header-display":"","ast-hfb-below-header-display":"","ast-hfb-mobile-header-display":"","site-post-title":"disabled","ast-breadcrumbs-content":"","ast-featured-img":"disabled","footer-sml-layout":"","ast-disable-related-posts":"","theme-transparent-header-meta":"default","adv-header-id-meta":"","stick-header-meta":"default","header-above-stick-meta":"","header-main-stick-meta":"","header-below-stick-meta":"","astra-migrate-meta-layouts":"default","ast-page-background-enabled":"default","ast-page-background-meta":{"desktop":{"background-color":"","background-image":"","background-repeat":"repeat","background-position":"center center","background-size":"auto","background-attachment":"scroll","background-type":"","background-media":"","overlay-type":"","overlay-color":"","overlay-opacity":"","overlay-gradient":""},"tablet":{"background-color":"","background-image":"","background-repeat":"repeat","background-position":"center center","background-size":"auto","background-attachment":"scroll","background-type":"","background-media":"","overlay-type":"","overlay-color":"","overlay-opacity":"","overlay-gradient":""},"mobile":{"background-color":"","background-image":"","background-repeat":"repeat","background-position":"center center","background-size":"auto","background-attachment":"scroll","background-type":"","background-media":"","overlay-type":"","overlay-color":"","overlay-opacity":"","overlay-gradient":""}},"ast-content-background-meta":{"desktop":{"background-color":"var(--ast-global-color-5)","background-image":"","background-repeat":"repeat","background-position":"center center","background-size":"auto","background-attachment":"scroll","background-type":"","background-media":"","overlay-type":"","overlay-color":"","overlay-opacity":"","overlay-gradient":""},"tablet":{"background-color":"var(--ast-global-color-5)","background-image":"","background-repeat":"repeat","background-position":"center center","background-size":"auto","background-attachment":"scroll","background-type":"","background-media":"","overlay-type":"","overlay-color":"","overlay-opacity":"","overlay-gradient":""},"mobile":{"background-color":"var(--ast-global-color-5)","background-image":"","background-repeat":"repeat","background-position":"center center","background-size":"auto","background-attachment":"scroll","background-type":"","background-media":"","overlay-type":"","overlay-color":"","overlay-opacity":"","overlay-gradient":""}},"footnotes":""},"class_list":["post-19025","page","type-page","status-publish","has-post-thumbnail","hentry"],"acf":[],"_links":{"self":[{"href":"https:\/\/dycem.com\/de\/wp-json\/wp\/v2\/pages\/19025","targetHints":{"allow":["GET"]}}],"collection":[{"href":"https:\/\/dycem.com\/de\/wp-json\/wp\/v2\/pages"}],"about":[{"href":"https:\/\/dycem.com\/de\/wp-json\/wp\/v2\/types\/page"}],"author":[{"embeddable":true,"href":"https:\/\/dycem.com\/de\/wp-json\/wp\/v2\/users\/3"}],"replies":[{"embeddable":true,"href":"https:\/\/dycem.com\/de\/wp-json\/wp\/v2\/comments?post=19025"}],"version-history":[{"count":5,"href":"https:\/\/dycem.com\/de\/wp-json\/wp\/v2\/pages\/19025\/revisions"}],"predecessor-version":[{"id":24885,"href":"https:\/\/dycem.com\/de\/wp-json\/wp\/v2\/pages\/19025\/revisions\/24885"}],"wp:featuredmedia":[{"embeddable":true,"href":"https:\/\/dycem.com\/de\/wp-json\/wp\/v2\/media\/1588"}],"wp:attachment":[{"href":"https:\/\/dycem.com\/de\/wp-json\/wp\/v2\/media?parent=19025"}],"curies":[{"name":"wp","href":"https:\/\/api.w.org\/{rel}","templated":true}]}}