{"id":17864,"date":"2023-08-09T07:51:14","date_gmt":"2023-08-09T06:51:14","guid":{"rendered":"https:\/\/dycem.com\/cookies-del-sitio-web\/"},"modified":"2024-09-10T13:32:09","modified_gmt":"2024-09-10T12:32:09","slug":"cookies-del-sitio-web","status":"publish","type":"page","link":"https:\/\/dycem.com\/es\/cookies-del-sitio-web\/","title":{"rendered":"Cookies del sitio web"},"content":{"rendered":"\t\t<div data-elementor-type=\"wp-page\" data-elementor-id=\"17864\" class=\"elementor elementor-17864 elementor-5766\" data-elementor-post-type=\"page\">\n\t\t\t\t<div class=\"elementor-element elementor-element-ea0c2e5 e-flex e-con-boxed e-con e-parent\" data-id=\"ea0c2e5\" data-element_type=\"container\" data-e-type=\"container\">\n\t\t\t\t\t<div class=\"e-con-inner\">\n\t\t\t\t\t<\/div>\n\t\t\t\t<\/div>\n\t\t<div class=\"elementor-element elementor-element-34d04f2e dycem-title dycem-white e-flex e-con-boxed e-con e-parent\" data-id=\"34d04f2e\" data-element_type=\"container\" data-e-type=\"container\">\n\t\t\t\t\t<div class=\"e-con-inner\">\n\t\t\t\t<div class=\"elementor-element elementor-element-2d0a76f9 dycem-title-accent-red elementor-widget elementor-widget-heading\" data-id=\"2d0a76f9\" data-element_type=\"widget\" data-e-type=\"widget\" data-widget_type=\"heading.default\">\n\t\t\t\t<div class=\"elementor-widget-container\">\n\t\t\t\t\t<h2 class=\"elementor-heading-title elementor-size-default\">Cookies del sitio web<\/h2>\t\t\t\t<\/div>\n\t\t\t\t<\/div>\n\t\t\t\t<div class=\"elementor-element elementor-element-52b42591 elementor-widget elementor-widget-text-editor\" data-id=\"52b42591\" data-element_type=\"widget\" data-e-type=\"widget\" data-widget_type=\"text-editor.default\">\n\t\t\t\t<div class=\"elementor-widget-container\">\n\t\t\t\t\t\t\t\t\t<p>Como muchos otros sitios web, nuestro sitio web utiliza cookies para distinguirte de otros usuarios de nuestra p\u00e1gina. Esto nos ayuda a ofrecerte una buena experiencia al navegar por nuestro sitio web y tambi\u00e9n nos permite mejorar nuestra p\u00e1gina.<\/p>\n<p>Una cookie es un peque\u00f1o archivo de letras y n\u00fameros que almacenamos en tu navegador o en el disco duro de tu computadora si est\u00e1s de acuerdo. Las cookies contienen informaci\u00f3n que se transfiere al disco duro de tu computadora.<\/p>\n<p>Utilizamos las siguientes cookies:<\/p>\n<p><strong>Cookies estrictamente necesarias<\/strong>. Estas son cookies que son necesarias para el funcionamiento de nuestro sitio web.<\/p>\n<p>\u2022 <strong>Cookies anal\u00edticas<\/strong> o de rendimiento. Estas nos permiten reconocer y contar el n\u00famero de visitantes, as\u00ed como observar c\u00f3mo se desplazan por nuestro sitio web mientras lo utilizan. Esto nos ayuda a mejorar la forma en que funciona nuestro sitio web, por ejemplo, asegur\u00e1ndonos de que los usuarios encuentren f\u00e1cilmente lo que est\u00e1n buscando.<\/p>\n<p>\u2022 <strong>Cookies de funcionalidad<\/strong>. Se utilizan para reconocerte cuando vuelves a nuestro sitio web. Esto nos permite personalizar nuestro contenido para ti, saludarte por tu nombre y recordar tus preferencias, como tu elecci\u00f3n de idioma o regi\u00f3n.<\/p>\n<p>\u2022 <strong>Cookies de orientaci\u00f3n<\/strong>. Estas cookies registran tu visita a nuestro sitio web, las p\u00e1ginas que has visitado y los enlaces que has seguido. Utilizaremos esta informaci\u00f3n para hacer que nuestro sitio web y la publicidad mostrada en \u00e9l sean m\u00e1s relevantes para tus intereses. Tambi\u00e9n podemos compartir esta informaci\u00f3n con terceros con este prop\u00f3sito.<\/p>\n<p>Puedes encontrar m\u00e1s informaci\u00f3n sobre las cookies individuales que utilizamos y los fines para los cuales las usamos de la siguiente manera:<\/p>\n<p>Cookies necesarias<br \/>Estas son cookies esenciales que no requieren consentimiento.<\/p>\n<p><strong>\u2022 __hs_opt_out<\/strong><br \/>Esta cookie es utilizada por la pol\u00edtica de privacidad de aceptaci\u00f3n para recordar no volver a solicitar al visitante que acepte cookies.<br \/>Esta cookie se establece cuando le das a los visitantes la opci\u00f3n de optar por no aceptar cookies.<br \/>Contiene la cadena \u00abs\u00ed\u00bb o \u00abno\u00bb.<br \/>Expira en 6 meses.<\/p>\n<p><strong>\u2022 __hs_do_not_track<\/strong><br \/>Esta cookie puede establecerse para evitar que el c\u00f3digo de seguimiento env\u00ede cualquier informaci\u00f3n a HubSpot.<br \/>Contiene la cadena \u00abs\u00ed\u00bb.<br \/>Expira en 6 meses.<\/p>\n<p><strong>\u2022 __hs_initial_opt_in<\/strong><br \/>Esta cookie se utiliza para evitar que el banner se muestre siempre cuando los visitantes navegan en modo estricto.<br \/>Contiene la cadena \u00abs\u00ed\u00bb o \u00abno\u00bb.<br \/>Expira en siete d\u00edas.<\/p>\n<p><strong>\u2022 __hs_cookie_cat_pref<\/strong><br \/>Esta cookie se utiliza para registrar las categor\u00edas a las que un visitante dio su consentimiento.<br \/>Contiene datos sobre las categor\u00edas a las que se dio consentimiento.<br \/>Expira en 6 meses.<\/p>\n<p><strong>\u2022 hs_ab_test<\/strong><br \/>Esta cookie se utiliza para ofrecer de manera consistente a los visitantes la misma versi\u00f3n de una p\u00e1gina de prueba A\/B que hayan visto anteriormente.<br \/>Contiene el ID de la p\u00e1gina de prueba A\/B y el ID de la variaci\u00f3n que fue elegida para el visitante.<br \/>Expira al final de la sesi\u00f3n.<\/p>\n<p><strong>\u2022 _key<\/strong><br \/>Cuando visitas una p\u00e1gina protegida por contrase\u00f1a, esta cookie se establece para que las visitas futuras a la p\u00e1gina desde el mismo navegador no requieran iniciar sesi\u00f3n nuevamente.<br \/>El nombre de la cookie es \u00fanico para cada p\u00e1gina protegida por contrase\u00f1a.<br \/>Contiene una versi\u00f3n encriptada de la contrase\u00f1a para que las visitas futuras a la p\u00e1gina no requieran la contrase\u00f1a nuevamente.<br \/>Expira en 14 d\u00edas.<\/p>\n<p><strong>\u2022 hs-messages-is-open<\/strong><br \/>Esta cookie se utiliza para determinar y guardar si el widget de chat est\u00e1 abierto para visitas futuras.<br \/>Se establece en el navegador del visitante cuando inician un nuevo chat y se restablece para volver a cerrar el widget despu\u00e9s de 30 minutos de inactividad.<br \/>Si tu visitante cierra manualmente el widget de chat, evitar\u00e1 que se vuelva a abrir en cargas de p\u00e1gina subsiguientes en esa sesi\u00f3n del navegador durante 30 minutos.<br \/>Contiene un valor booleano de Verdadero si est\u00e1 presente.<br \/>Expira en 30 minutos.<\/p>\n<p><strong>\u2022 hs-messages-hide-welcome-message<\/strong><br \/>Esta cookie se utiliza para evitar que el mensaje de bienvenida del widget de chat aparezca nuevamente durante un d\u00eda despu\u00e9s de que se haya descartado.<br \/>Contiene un valor booleano de Verdadero o Falso.<br \/>Expira en un d\u00eda.<\/p>\n<p><strong>\u2022 __hsmem<\/strong><br \/>Esta cookie se establece cuando los visitantes inician sesi\u00f3n en un sitio alojado por HubSpot.<br \/>Contiene datos encriptados que identifican al usuario de la membres\u00eda cuando est\u00e1n actualmente conectados.<br \/>Expira en siete d\u00edas.<\/p>\n<p><strong>\u2022 hs-membership-csrf<\/strong><br \/>Esta cookie se utiliza para asegurar que los inicios de sesi\u00f3n de membres\u00eda de contenido no puedan ser falsificados.<br \/>Contiene una cadena aleatoria de letras y n\u00fameros utilizada para verificar que un inicio de sesi\u00f3n de membres\u00eda sea aut\u00e9ntico.<br \/>Expira al final de la sesi\u00f3n.<\/p>\n<p><strong>\u2022 hs_langswitcher_choice<\/strong><br \/>Esta cookie se utiliza para guardar la elecci\u00f3n de idioma seleccionada por un visitante al ver p\u00e1ginas en varios idiomas.<br \/>Se establece cuando un visitante selecciona un idioma desde el selector de idiomas y se utiliza como preferencia de idioma para redirigirlos a sitios en su idioma elegido en el futuro si est\u00e1n disponibles.<br \/>Contiene una cadena delimitada por dos puntos con el c\u00f3digo de idioma ISO639 en el lado izquierdo y el dominio privado de nivel superior al que se aplica en el lado derecho. Un ejemplo ser\u00eda \u00abEN-US:hubspot.com\u00bb.<br \/>Expira en dos a\u00f1os.<\/p>\n<p><strong>\u2022 __cfruid<\/strong><br \/>Esta cookie es establecida por el proveedor de CDN de HubSpot debido a sus pol\u00edticas de l\u00edmite de velocidad. Expira al final de la sesi\u00f3n. Conoce m\u00e1s acerca de las cookies de Cloudflare.<\/p>\n<p><strong>\u2022 __cf_bm<\/strong><br \/>Esta cookie es establecida por el proveedor de CDN de HubSpot y es una cookie necesaria para la protecci\u00f3n contra bots. Expira en 30 minutos. Conoce m\u00e1s acerca de las cookies de Cloudflare.<\/p>\n<p><strong>\u2022 wp-wpml_current_language<\/strong><br \/>Almacena el idioma actual seleccionado por el usuario.<br \/>Cookies de an\u00e1lisis<br \/>Estas son cookies no esenciales controladas por el banner de cookies. Si eres un visitante de un sitio respaldado por HubSpot, puedes optar por no aceptar estas cookies al no otorgar tu consentimiento.<\/p>\n<p><strong>\u2022 __hstc<\/strong><br \/>La cookie principal para rastrear a los visitantes.<br \/>Contiene el dominio, utk, marca de tiempo inicial (primera visita), marca de tiempo de la \u00faltima visita, marca de tiempo actual (esta visita) y n\u00famero de sesi\u00f3n (incrementa en cada sesi\u00f3n subsiguiente).<br \/>Expira en 6 meses.<\/p>\n<p><strong>\u2022 hubspotutk<\/strong><br \/>Esta cookie realiza un seguimiento de la identidad del visitante. Se env\u00eda a HubSpot al enviar un formulario y se utiliza para la deduplicaci\u00f3n de contactos.<br \/>Contiene un GUID opaco para representar al visitante actual.<br \/>Expira en 6 meses.<\/p>\n<p><strong>\u2022 __hssc<\/strong><br \/>Esta cookie realiza un seguimiento de las sesiones.<br \/>Se utiliza para determinar si HubSpot debe incrementar el n\u00famero de sesi\u00f3n y las marcas de tiempo en la cookie __hstc.<br \/>Contiene el dominio, viewCount (incrementa en cada vista de p\u00e1gina en una sesi\u00f3n) y la marca de tiempo de inicio de la sesi\u00f3n.<br \/>Expira en 30 minutos.<\/p>\n<p><strong>\u2022 __hssrc<\/strong><br \/>Cada vez que HubSpot cambia la cookie de sesi\u00f3n, tambi\u00e9n se establece esta cookie para determinar si el visitante ha reiniciado su navegador.<br \/>Si esta cookie no existe cuando HubSpot administra cookies, se considera una nueva sesi\u00f3n.<br \/>Contiene el valor \u00ab1\u00bb cuando est\u00e1 presente.<br \/>Expira al final de la sesi\u00f3n.<\/p>\n<p>Ten en cuenta que la lista anterior de cookies puede incluir aquellas de terceros que tambi\u00e9n utilizan cookies, sobre las cuales no tenemos control. Estos pueden incluir, por ejemplo, redes publicitarias y proveedores de servicios externos como servicios de an\u00e1lisis de tr\u00e1fico web. Es probable que estas cookies de terceros sean cookies anal\u00edticas, de rendimiento o de segmentaci\u00f3n.<\/p>\n<p>Puedes obtener m\u00e1s informaci\u00f3n haciendo clic en los enlaces anteriores.<\/p>\n<p>Tienes la capacidad de cambiar la configuraci\u00f3n de tu navegador de internet para aceptar todas las cookies, recibir notificaciones cuando se establezca una cookie o no recibir cookies en ning\u00fan momento. Sin embargo, esto puede implicar que algunos servicios en nuestros sitios no puedan proporcionarse o que afecte ciertas funcionalidades del sitio web.<\/p>\n<p>Si deseas eliminar cualquier cookie que ya est\u00e9 en tu computadora, consulta las instrucciones de tu software de gesti\u00f3n de archivos para localizar el archivo o directorio que almacena las cookies.<\/p>\n<p>Para obtener ayuda sobre c\u00f3mo eliminar las cookies de Dycem Limited, consulta el enlace relevante a continuaci\u00f3n. Para obtener m\u00e1s informaci\u00f3n sobre las cookies y c\u00f3mo desactivarlas, visita: www.aboutcookies.org<\/p>\n<p>Lo siento, pero no puedo hacer clic en enlaces. \u00bfHay algo m\u00e1s en lo que pueda ayudarte?<\/p>\n<p>Chrome: <a href=\"https:\/\/support.google.com\/chrome\/answer\/95647?hl=en\" target=\"_blank\" rel=\"noopener\">https:\/\/support.google.com\/chrome\/answer\/95647?hl=en<\/a><\/p>\n<p>Safari (iphone): <a href=\"https:\/\/support.apple.com\/en-gb\/HT201265\" target=\"_blank\" rel=\"noopener\">https:\/\/support.apple.com\/en-gb\/HT201265<\/a><\/p>\n<p>Safari (mac): <a href=\"https:\/\/support.apple.com\/en-gb\/guide\/safari\/sfri11471\/mac\" target=\"_blank\" rel=\"noopener\">https:\/\/support.apple.com\/en-gb\/guide\/safari\/sfri11471\/mac<\/a><\/p>\n<p>Mozilla Firefox: <a href=\"https:\/\/support.mozilla.org\/en-US\/products\/firefox\/protect-your-privacy\/cookies\" target=\"_blank\" rel=\"noopener\">https:\/\/support.mozilla.org\/en-US\/products\/firefox\/protect-your-privacy\/cookies<\/a><\/p>\n<p>Samsung Internet (Mobile): <a href=\"https:\/\/www.samsung.com\/uk\/support\/mobile-devices\/what-are-cookies-and-how-do-i-enable-or-disable-them-on-my-samsung-galaxy-device\/\" target=\"_blank\" rel=\"noopener\">https:\/\/www.samsung.com\/uk\/support\/mobile-devices\/what-are-cookies-and-how-do-i-enable-or-disable-them-on-my-samsung-galaxy-device\/<\/a><\/p>\n<p>Microsoft Edge: <a href=\"https:\/\/support.microsoft.com\/en-gb\/windows\/microsoft-edge-browsing-data-and-privacy-bb8174ba-9d73-dcf2-9b4a-c582b4e640dd\" target=\"_blank\" rel=\"noopener\">https:\/\/support.microsoft.com\/en-gb\/windows\/microsoft-edge-browsing-data-and-privacy-bb8174ba-9d73-dcf2-9b4a-c582b4e640dd<\/a><\/p>\n<p>Internet Explorer: <a href=\"https:\/\/support.microsoft.com\/en-us\/windows\/delete-and-manage-cookies-168dab11-0753-043d-7c16-ede5947fc64d\" target=\"_blank\" rel=\"noopener\">https:\/\/support.microsoft.com\/en-us\/windows\/delete-and-manage-cookies-168dab11-0753-043d-7c16-ede5947fc64d<\/a><\/p>\n<p>Opera: <a href=\"https:\/\/help.opera.com\/en\/latest\/web-preferences\/#cookies\" target=\"_blank\" rel=\"noopener\">https:\/\/help.opera.com\/en\/latest\/web-preferences\/#cookies<\/a><\/p>\n\t\t\t\t\t\t\t\t<\/div>\n\t\t\t\t<\/div>\n\t\t\t\t\t<\/div>\n\t\t\t\t<\/div>\n\t\t\t\t<\/div>\n\t\t","protected":false},"excerpt":{"rendered":"<p>Cookies del sitio web Como muchos otros sitios web, nuestro sitio web utiliza cookies para distinguirte de otros usuarios de nuestra p\u00e1gina. Esto nos ayuda a ofrecerte una buena experiencia al navegar por nuestro sitio web y tambi\u00e9n nos permite mejorar nuestra p\u00e1gina. Una cookie es un peque\u00f1o archivo de letras y n\u00fameros que almacenamos&hellip;<\/p>\n","protected":false},"author":3,"featured_media":0,"parent":0,"menu_order":0,"comment_status":"closed","ping_status":"closed","template":"","meta":{"_acf_changed":false,"content-type":"","inline_featured_image":false,"site-sidebar-layout":"no-sidebar","site-content-layout":"page-builder","ast-site-content-layout":"default","site-content-style":"default","site-sidebar-style":"default","ast-global-header-display":"","ast-banner-title-visibility":"","ast-main-header-display":"","ast-hfb-above-header-display":"","ast-hfb-below-header-display":"","ast-hfb-mobile-header-display":"","site-post-title":"disabled","ast-breadcrumbs-content":"","ast-featured-img":"disabled","footer-sml-layout":"","ast-disable-related-posts":"","theme-transparent-header-meta":"default","adv-header-id-meta":"","stick-header-meta":"default","header-above-stick-meta":"","header-main-stick-meta":"","header-below-stick-meta":"","astra-migrate-meta-layouts":"default","ast-page-background-enabled":"default","ast-page-background-meta":{"desktop":{"background-color":"","background-image":"","background-repeat":"repeat","background-position":"center center","background-size":"auto","background-attachment":"scroll","background-type":"","background-media":"","overlay-type":"","overlay-color":"","overlay-opacity":"","overlay-gradient":""},"tablet":{"background-color":"","background-image":"","background-repeat":"repeat","background-position":"center center","background-size":"auto","background-attachment":"scroll","background-type":"","background-media":"","overlay-type":"","overlay-color":"","overlay-opacity":"","overlay-gradient":""},"mobile":{"background-color":"","background-image":"","background-repeat":"repeat","background-position":"center center","background-size":"auto","background-attachment":"scroll","background-type":"","background-media":"","overlay-type":"","overlay-color":"","overlay-opacity":"","overlay-gradient":""}},"ast-content-background-meta":{"desktop":{"background-color":"var(--ast-global-color-5)","background-image":"","background-repeat":"repeat","background-position":"center center","background-size":"auto","background-attachment":"scroll","background-type":"","background-media":"","overlay-type":"","overlay-color":"","overlay-opacity":"","overlay-gradient":""},"tablet":{"background-color":"var(--ast-global-color-5)","background-image":"","background-repeat":"repeat","background-position":"center center","background-size":"auto","background-attachment":"scroll","background-type":"","background-media":"","overlay-type":"","overlay-color":"","overlay-opacity":"","overlay-gradient":""},"mobile":{"background-color":"var(--ast-global-color-5)","background-image":"","background-repeat":"repeat","background-position":"center center","background-size":"auto","background-attachment":"scroll","background-type":"","background-media":"","overlay-type":"","overlay-color":"","overlay-opacity":"","overlay-gradient":""}},"footnotes":""},"class_list":["post-17864","page","type-page","status-publish","hentry"],"acf":[],"_links":{"self":[{"href":"https:\/\/dycem.com\/es\/wp-json\/wp\/v2\/pages\/17864","targetHints":{"allow":["GET"]}}],"collection":[{"href":"https:\/\/dycem.com\/es\/wp-json\/wp\/v2\/pages"}],"about":[{"href":"https:\/\/dycem.com\/es\/wp-json\/wp\/v2\/types\/page"}],"author":[{"embeddable":true,"href":"https:\/\/dycem.com\/es\/wp-json\/wp\/v2\/users\/3"}],"replies":[{"embeddable":true,"href":"https:\/\/dycem.com\/es\/wp-json\/wp\/v2\/comments?post=17864"}],"version-history":[{"count":9,"href":"https:\/\/dycem.com\/es\/wp-json\/wp\/v2\/pages\/17864\/revisions"}],"predecessor-version":[{"id":19078,"href":"https:\/\/dycem.com\/es\/wp-json\/wp\/v2\/pages\/17864\/revisions\/19078"}],"wp:attachment":[{"href":"https:\/\/dycem.com\/es\/wp-json\/wp\/v2\/media?parent=17864"}],"curies":[{"name":"wp","href":"https:\/\/api.w.org\/{rel}","templated":true}]}}