{"id":17881,"date":"2023-05-18T08:48:20","date_gmt":"2023-05-18T07:48:20","guid":{"rendered":"https:\/\/dycem.com\/descarga-electrostatica\/"},"modified":"2024-03-15T17:43:01","modified_gmt":"2024-03-15T17:43:01","slug":"descarga-electrostatica","status":"publish","type":"page","link":"https:\/\/dycem.com\/es\/descarga-electrostatica\/","title":{"rendered":"Descarga electrost\u00e1tica"},"content":{"rendered":"\t\t<div data-elementor-type=\"wp-page\" data-elementor-id=\"17881\" class=\"elementor elementor-17881 elementor-1644\" data-elementor-post-type=\"page\">\n\t\t\t\t<div class=\"elementor-element elementor-element-4a423a59 dycem-title dycem-white e-flex e-con-boxed e-con e-parent\" data-id=\"4a423a59\" data-element_type=\"container\" data-e-type=\"container\">\n\t\t\t\t\t<div class=\"e-con-inner\">\n\t\t\t\t<div class=\"elementor-element elementor-element-67d6a2a6 dycem-title-accent-red elementor-widget elementor-widget-heading\" data-id=\"67d6a2a6\" data-element_type=\"widget\" data-e-type=\"widget\" data-widget_type=\"heading.default\">\n\t\t\t\t<div class=\"elementor-widget-container\">\n\t\t\t\t\t<h1 class=\"elementor-heading-title elementor-size-default\">Descarga electrost\u00e1tica <\/h1>\t\t\t\t<\/div>\n\t\t\t\t<\/div>\n\t\t\t\t<div class=\"elementor-element elementor-element-790da60 elementor-widget elementor-widget-html\" data-id=\"790da60\" data-element_type=\"widget\" data-e-type=\"widget\" data-widget_type=\"html.default\">\n\t\t\t\t<div class=\"elementor-widget-container\">\n\t\t\t\t\t<!-- Start of HubSpot Embed Code -->\n<script type=\"text\/javascript\" id=\"hs-script-loader\" async=\"\" defer src=\"\/\/js-eu1.hs-scripts.com\/26686903.js\"><\/script>\n<!-- End of HubSpot Embed Code -->\t\t\t\t<\/div>\n\t\t\t\t<\/div>\n\t\t\t\t<div class=\"elementor-element elementor-element-133a28d0 elementor-widget elementor-widget-text-editor\" data-id=\"133a28d0\" data-element_type=\"widget\" data-e-type=\"widget\" data-widget_type=\"text-editor.default\">\n\t\t\t\t<div class=\"elementor-widget-container\">\n\t\t\t\t\t\t\t\t\t<p>La electricidad est\u00e1tica, conocida como descarga electrost\u00e1tica (ESD), es un fen\u00f3meno familiar en la vida cotidiana, desde tareas mundanas como descargar la ropa de una secadora hasta caminar sobre una alfombra o estrechar la mano. Aunque estas perturbaciones pueden parecer insignificantes en determinados contextos, plantean riesgos significativos en industrias como los centros de datos, la fabricaci\u00f3n de autom\u00f3viles\/aeroespacial y la fabricaci\u00f3n electr\u00f3nica.<\/p>\n<p>Las alfombrillas Dycem\u00ae son antiest\u00e1ticas y ofrecen una soluci\u00f3n para prevenir la ESD atrayendo, recogiendo y reteniendo activamente hasta el 99,9% de la contaminaci\u00f3n transmitida por los pies y las ruedas, junto con el 75% de la contaminaci\u00f3n transmitida por el aire. Esto crea un entorno libre de part\u00edculas y polvo, inhibiendo eficazmente la acumulaci\u00f3n de electricidad est\u00e1tica. Con una resistividad superficial de 10\u2078 ohmios, las alfombrillas Dycem disipan eficazmente la electricidad est\u00e1tica, reduciendo la probabilidad de da\u00f1os por descargas electrost\u00e1ticas. Al facilitar el flujo lento y controlado de las cargas hacia el suelo, estas alfombrillas impiden la descarga hacia o desde el contacto humano.<\/p>\n\t\t\t\t\t\t\t\t<\/div>\n\t\t\t\t<\/div>\n\t\t\t\t\t<\/div>\n\t\t\t\t<\/div>\n\t\t<div class=\"elementor-element elementor-element-c74487d dycem-half-half dycem-blue e-flex e-con-boxed elementor-invisible e-con e-parent\" data-id=\"c74487d\" data-element_type=\"container\" data-e-type=\"container\" data-settings=\"{&quot;background_background&quot;:&quot;classic&quot;,&quot;animation&quot;:&quot;fadeIn&quot;}\">\n\t\t\t\t\t<div class=\"e-con-inner\">\n\t\t<div class=\"elementor-element elementor-element-13a2ad76 e-con-full e-flex e-con e-child\" data-id=\"13a2ad76\" data-element_type=\"container\" data-e-type=\"container\">\n\t\t\t\t<div class=\"elementor-element elementor-element-72f0210f elementor-widget elementor-widget-heading\" data-id=\"72f0210f\" data-element_type=\"widget\" data-e-type=\"widget\" data-widget_type=\"heading.default\">\n\t\t\t\t<div class=\"elementor-widget-container\">\n\t\t\t\t\t<h2 class=\"elementor-heading-title elementor-size-default\">\u00bfQu\u00e9 son las descargas electrost\u00e1ticas?\n<\/h2>\t\t\t\t<\/div>\n\t\t\t\t<\/div>\n\t\t\t\t<div class=\"elementor-element elementor-element-35031b87 elementor-widget elementor-widget-text-editor\" data-id=\"35031b87\" data-element_type=\"widget\" data-e-type=\"widget\" data-widget_type=\"text-editor.default\">\n\t\t\t\t<div class=\"elementor-widget-container\">\n\t\t\t\t\t\t\t\t\t<p>La descarga electrost\u00e1tica (ESD) es un breve y repentino aumento de corriente el\u00e9ctrica entre dos objetos que tienen cargas el\u00e9ctricas diferentes. A menudo acompa\u00f1ada por una chispa visible, la ESD ocurre cuando un objeto adquiere una carga positiva y el otro adquiere una carga negativa. El objeto cargado positivamente lleva consigo una carga electrost\u00e1tica, la cual puede transferirse al entrar en contacto con otro material, dando lugar a un evento de ESD.<\/p>\n\t\t\t\t\t\t\t\t<\/div>\n\t\t\t\t<\/div>\n\t\t\t\t<\/div>\n\t\t<div class=\"elementor-element elementor-element-3939428b e-con-full e-flex e-con e-child\" data-id=\"3939428b\" data-element_type=\"container\" data-e-type=\"container\">\n\t\t\t\t<div class=\"elementor-element elementor-element-1722407 elementor-widget__width-inherit elementor-widget elementor-widget-image\" data-id=\"1722407\" data-element_type=\"widget\" data-e-type=\"widget\" data-widget_type=\"image.default\">\n\t\t\t\t<div class=\"elementor-widget-container\">\n\t\t\t\t\t\t\t\t\t\t\t\t\t\t\t<img fetchpriority=\"high\" decoding=\"async\" width=\"1600\" height=\"1300\" src=\"https:\/\/dycem.com\/wp-content\/uploads\/2023\/09\/Sustainability-page-images-2.webp\" class=\"attachment-full size-full wp-image-17899\" alt=\"\" title=\"\">\t\t\t\t\t\t\t\t\t\t\t\t\t\t\t<\/div>\n\t\t\t\t<\/div>\n\t\t\t\t<\/div>\n\t\t\t\t\t<\/div>\n\t\t\t\t<\/div>\n\t\t<div class=\"elementor-element elementor-element-393f1d29 dycem-half-half-reverse dycem-grey e-flex e-con-boxed elementor-invisible e-con e-parent\" data-id=\"393f1d29\" data-element_type=\"container\" data-e-type=\"container\" data-settings=\"{&quot;background_background&quot;:&quot;classic&quot;,&quot;animation&quot;:&quot;fadeIn&quot;}\">\n\t\t\t\t\t<div class=\"e-con-inner\">\n\t\t<div class=\"elementor-element elementor-element-3ccf084b e-con-full e-flex e-con e-child\" data-id=\"3ccf084b\" data-element_type=\"container\" data-e-type=\"container\">\n\t\t\t\t<div class=\"elementor-element elementor-element-40bd6b77 elementor-widget__width-inherit elementor-widget elementor-widget-image\" data-id=\"40bd6b77\" data-element_type=\"widget\" data-e-type=\"widget\" data-widget_type=\"image.default\">\n\t\t\t\t<div class=\"elementor-widget-container\">\n\t\t\t\t\t\t\t\t\t\t\t\t\t\t\t<img decoding=\"async\" width=\"1600\" height=\"1300\" src=\"https:\/\/dycem.com\/wp-content\/uploads\/2023\/09\/Sustainability-page-images-4.png\" class=\"attachment-full size-full wp-image-17897\" alt=\"\" srcset=\"https:\/\/dycem.com\/wp-content\/uploads\/2023\/09\/Sustainability-page-images-4.png 1600w, https:\/\/dycem.com\/wp-content\/uploads\/2023\/09\/Sustainability-page-images-4-300x244.png 300w, https:\/\/dycem.com\/wp-content\/uploads\/2023\/09\/Sustainability-page-images-4-1024x832.png 1024w, https:\/\/dycem.com\/wp-content\/uploads\/2023\/09\/Sustainability-page-images-4-768x624.png 768w, https:\/\/dycem.com\/wp-content\/uploads\/2023\/09\/Sustainability-page-images-4-1536x1248.png 1536w\" sizes=\"(max-width: 1600px) 100vw, 1600px\" title=\"\">\t\t\t\t\t\t\t\t\t\t\t\t\t\t\t<\/div>\n\t\t\t\t<\/div>\n\t\t\t\t<\/div>\n\t\t<div class=\"elementor-element elementor-element-78711568 e-con-full e-flex e-con e-child\" data-id=\"78711568\" data-element_type=\"container\" data-e-type=\"container\">\n\t\t\t\t<div class=\"elementor-element elementor-element-917cdb3 elementor-widget elementor-widget-heading\" data-id=\"917cdb3\" data-element_type=\"widget\" data-e-type=\"widget\" data-widget_type=\"heading.default\">\n\t\t\t\t<div class=\"elementor-widget-container\">\n\t\t\t\t\t<h2 class=\"elementor-heading-title elementor-size-default\">\u00bfQu\u00e9 provoca las descargas electrost\u00e1ticas?\n<\/h2>\t\t\t\t<\/div>\n\t\t\t\t<\/div>\n\t\t\t\t<div class=\"elementor-element elementor-element-6d1eab4 elementor-widget elementor-widget-text-editor\" data-id=\"6d1eab4\" data-element_type=\"widget\" data-e-type=\"widget\" data-widget_type=\"text-editor.default\">\n\t\t\t\t<div class=\"elementor-widget-container\">\n\t\t\t\t\t\t\t\t\t<p>Las descargas electrost\u00e1ticas suelen producirse al entrar en contacto dos materiales. Por eso ocurren en situaciones tan cotidianas como caminar sobre la moqueta o tocar a alguien. El movimiento r\u00e1pido del aire o la presencia de ventiladores cerca de los equipos electr\u00f3nicos pueden contribuir a aumentar su incidencia.<\/p>\n<p>El principal causante de las descargas electrost\u00e1ticas es el polvo, por lo que mantener las zonas cr\u00edticas bien limpias puede ayudar a reducir la frecuencia con que se producen.<\/p>\n\t\t\t\t\t\t\t\t<\/div>\n\t\t\t\t<\/div>\n\t\t\t\t<\/div>\n\t\t\t\t\t<\/div>\n\t\t\t\t<\/div>\n\t\t<div class=\"elementor-element elementor-element-6a186d6 dycem-half-half dycem-darkgrey e-flex e-con-boxed elementor-invisible e-con e-parent\" data-id=\"6a186d6\" data-element_type=\"container\" data-e-type=\"container\" data-settings=\"{&quot;background_background&quot;:&quot;classic&quot;,&quot;animation&quot;:&quot;fadeIn&quot;}\">\n\t\t\t\t\t<div class=\"e-con-inner\">\n\t\t<div class=\"elementor-element elementor-element-2451cc96 e-con-full e-flex e-con e-child\" data-id=\"2451cc96\" data-element_type=\"container\" data-e-type=\"container\">\n\t\t\t\t<div class=\"elementor-element elementor-element-612dfa10 elementor-widget elementor-widget-heading\" data-id=\"612dfa10\" data-element_type=\"widget\" data-e-type=\"widget\" data-widget_type=\"heading.default\">\n\t\t\t\t<div class=\"elementor-widget-container\">\n\t\t\t\t\t<h2 class=\"elementor-heading-title elementor-size-default\">Peligros de las descargas electrost\u00e1ticas en entornos industriales<\/h2>\t\t\t\t<\/div>\n\t\t\t\t<\/div>\n\t\t\t\t<div class=\"elementor-element elementor-element-54ceea61 elementor-widget elementor-widget-text-editor\" data-id=\"54ceea61\" data-element_type=\"widget\" data-e-type=\"widget\" data-widget_type=\"text-editor.default\">\n\t\t\t\t<div class=\"elementor-widget-container\">\n\t\t\t\t\t\t\t\t\t<section class=\"section main-article-chapter\" data-menu-title=\"How to manage and prevent ESD\">\n<p>En entornos de trabajo tales como centros de datos, f\u00e1bricas y plantas de producci\u00f3n de componentes electr\u00f3nicos, las descargas electrost\u00e1ticas pueden resultar peligrosas y dar lugar a m\u00faltiples problemas:<\/p>\n<ul>\n<li>Aver\u00eda de los componentes electr\u00f3nicos expuestos <\/li>\n<li>Corrupci\u00f3n o p\u00e9rdida de datos en equipos electr\u00f3nicos<\/li>\n<li>Incendios y explosiones al actuar como fuente de ignici\u00f3n<\/li>\n<li>Interferencia con el funcionamiento normal de los equipos electr\u00f3nicos<\/li>\n<li>Da\u00f1os f\u00edsicos al personal si la descarga procede de una fuente de alta tensi\u00f3n<\/li>\n<\/ul>\n<p>En estos espacios, es crucial formar y concienciar debidamente al personal y contar con un plan de control y prevenci\u00f3n eficaz de las descargas electrost\u00e1ticas.<\/p>\n<\/section>\n<section class=\"section main-article-chapter\" data-menu-title=\"ESD standards\"><\/section>\n\t\t\t\t\t\t\t\t<\/div>\n\t\t\t\t<\/div>\n\t\t\t\t<\/div>\n\t\t<div class=\"elementor-element elementor-element-441040a3 e-con-full e-flex e-con e-child\" data-id=\"441040a3\" data-element_type=\"container\" data-e-type=\"container\">\n\t\t\t\t<div class=\"elementor-element elementor-element-754f1f26 elementor-widget__width-inherit elementor-widget elementor-widget-image\" data-id=\"754f1f26\" data-element_type=\"widget\" data-e-type=\"widget\" data-widget_type=\"image.default\">\n\t\t\t\t<div class=\"elementor-widget-container\">\n\t\t\t\t\t\t\t\t\t\t\t\t\t\t\t<img decoding=\"async\" width=\"1600\" height=\"1300\" src=\"https:\/\/dycem.com\/wp-content\/uploads\/2023\/09\/Sustainability-page-images-3.webp\" class=\"attachment-full size-full wp-image-17898\" alt=\"\" title=\"\">\t\t\t\t\t\t\t\t\t\t\t\t\t\t\t<\/div>\n\t\t\t\t<\/div>\n\t\t\t\t<\/div>\n\t\t\t\t\t<\/div>\n\t\t\t\t<\/div>\n\t\t<div class=\"elementor-element elementor-element-e0bc244 dycem-half-half-reverse dycem-grey e-flex e-con-boxed elementor-invisible e-con e-parent\" data-id=\"e0bc244\" data-element_type=\"container\" data-e-type=\"container\" data-settings=\"{&quot;background_background&quot;:&quot;classic&quot;,&quot;animation&quot;:&quot;fadeIn&quot;}\">\n\t\t\t\t\t<div class=\"e-con-inner\">\n\t\t<div class=\"elementor-element elementor-element-8403405 e-con-full e-flex e-con e-child\" data-id=\"8403405\" data-element_type=\"container\" data-e-type=\"container\">\n\t\t\t\t<div class=\"elementor-element elementor-element-05c9cec elementor-widget__width-inherit elementor-widget elementor-widget-image\" data-id=\"05c9cec\" data-element_type=\"widget\" data-e-type=\"widget\" data-widget_type=\"image.default\">\n\t\t\t\t<div class=\"elementor-widget-container\">\n\t\t\t\t\t\t\t\t\t\t\t\t\t\t\t<img loading=\"lazy\" decoding=\"async\" width=\"1600\" height=\"1300\" src=\"https:\/\/dycem.com\/wp-content\/uploads\/2023\/09\/Sustainability-page-images-5.webp\" class=\"attachment-full size-full wp-image-17896\" alt=\"\" title=\"\">\t\t\t\t\t\t\t\t\t\t\t\t\t\t\t<\/div>\n\t\t\t\t<\/div>\n\t\t\t\t<\/div>\n\t\t<div class=\"elementor-element elementor-element-3979c17 e-con-full e-flex e-con e-child\" data-id=\"3979c17\" data-element_type=\"container\" data-e-type=\"container\">\n\t\t\t\t<div class=\"elementor-element elementor-element-b575c71 elementor-widget elementor-widget-heading\" data-id=\"b575c71\" data-element_type=\"widget\" data-e-type=\"widget\" data-widget_type=\"heading.default\">\n\t\t\t\t<div class=\"elementor-widget-container\">\n\t\t\t\t\t<h2 class=\"elementor-heading-title elementor-size-default\">C\u00f3mo prevenir las descargas electrost\u00e1ticas<\/h2>\t\t\t\t<\/div>\n\t\t\t\t<\/div>\n\t\t\t\t<div class=\"elementor-element elementor-element-1134333 elementor-widget elementor-widget-text-editor\" data-id=\"1134333\" data-element_type=\"widget\" data-e-type=\"widget\" data-widget_type=\"text-editor.default\">\n\t\t\t\t<div class=\"elementor-widget-container\">\n\t\t\t\t\t\t\t\t\t<section class=\"section main-article-chapter\" data-menu-title=\"How to manage and prevent ESD\">Las descargas electrost\u00e1ticas se producen sin previo aviso, por lo que la prevenci\u00f3n es la mejor forma de controlarlas y reducirlas. Puesto que pueden da\u00f1ar los equipos electr\u00f3nicos, para asegurarse de mantener su material a salvo, es importante que incluya m\u00e9todos de prevenci\u00f3n en su zona cr\u00edtica. Le recomendamos aplicar las siguientes medidas:<\/section>\n<section class=\"section main-article-chapter\" data-menu-title=\"How to manage and prevent ESD\"><\/section>\n<section class=\"section main-article-chapter\" data-menu-title=\"How to manage and prevent ESD\"><\/section>\n<section data-menu-title=\"How to manage and prevent ESD\"><\/section>\n<section data-menu-title=\"How to manage and prevent ESD\"><\/section>\n<section class=\"section main-article-chapter\" data-menu-title=\"How to manage and prevent ESD\">\n<ul>\n<li>Use suelos y alfombras antiest\u00e1ticos en las zonas cr\u00edticas.<\/li>\n<li>Aseg\u00farese de que todos los equipos y muebles sean antiest\u00e1ticos.<\/li>\n<li>Coloque alfombrillas antiest\u00e1ticas en los escritorios para proteger los equipos de las descargadas.<\/li>\n<li>Retire cualquier elemento innecesario de las zonas cr\u00edticas.<\/li>\n<li>Vista calzado antiest\u00e1tico.<\/li>\n<li>Use embalaje reductor de la electricidad est\u00e1tica cuando sea necesario.<\/li>\n<\/ul>\n<\/section>\n<section class=\"section main-article-chapter\" data-menu-title=\"ESD standards\"><\/section>\n\t\t\t\t\t\t\t\t<\/div>\n\t\t\t\t<\/div>\n\t\t\t\t<\/div>\n\t\t\t\t\t<\/div>\n\t\t\t\t<\/div>\n\t\t<div class=\"elementor-element elementor-element-aac2e88 e-flex e-con-boxed e-con e-parent\" data-id=\"aac2e88\" data-element_type=\"container\" data-e-type=\"container\">\n\t\t\t\t\t<div class=\"e-con-inner\">\n\t\t\t\t<div class=\"elementor-element elementor-element-759846f elementor-widget elementor-widget-spacer\" data-id=\"759846f\" data-element_type=\"widget\" data-e-type=\"widget\" data-widget_type=\"spacer.default\">\n\t\t\t\t<div class=\"elementor-widget-container\">\n\t\t\t\t\t\t\t<div class=\"elementor-spacer\">\n\t\t\t<div class=\"elementor-spacer-inner\"><\/div>\n\t\t<\/div>\n\t\t\t\t\t\t<\/div>\n\t\t\t\t<\/div>\n\t\t\t\t\t<\/div>\n\t\t\t\t<\/div>\n\t\t\t\t<\/div>\n\t\t","protected":false},"excerpt":{"rendered":"<p>Descarga electrost\u00e1tica La electricidad est\u00e1tica, conocida como descarga electrost\u00e1tica (ESD), es un fen\u00f3meno familiar en la vida cotidiana, desde tareas mundanas como descargar la ropa de una secadora hasta caminar sobre una alfombra o estrechar la mano. Aunque estas perturbaciones pueden parecer insignificantes en determinados contextos, plantean riesgos significativos en industrias como los centros de&hellip;<\/p>\n","protected":false},"author":3,"featured_media":17895,"parent":0,"menu_order":0,"comment_status":"closed","ping_status":"closed","template":"","meta":{"_acf_changed":false,"content-type":"","inline_featured_image":false,"site-sidebar-layout":"no-sidebar","site-content-layout":"page-builder","ast-site-content-layout":"full-width-container","site-content-style":"unboxed","site-sidebar-style":"unboxed","ast-global-header-display":"","ast-banner-title-visibility":"","ast-main-header-display":"","ast-hfb-above-header-display":"","ast-hfb-below-header-display":"","ast-hfb-mobile-header-display":"","site-post-title":"disabled","ast-breadcrumbs-content":"","ast-featured-img":"disabled","footer-sml-layout":"","ast-disable-related-posts":"","theme-transparent-header-meta":"default","adv-header-id-meta":"","stick-header-meta":"default","header-above-stick-meta":"","header-main-stick-meta":"","header-below-stick-meta":"","astra-migrate-meta-layouts":"default","ast-page-background-enabled":"default","ast-page-background-meta":{"desktop":{"background-color":"","background-image":"","background-repeat":"repeat","background-position":"center center","background-size":"auto","background-attachment":"scroll","background-type":"","background-media":"","overlay-type":"","overlay-color":"","overlay-opacity":"","overlay-gradient":""},"tablet":{"background-color":"","background-image":"","background-repeat":"repeat","background-position":"center center","background-size":"auto","background-attachment":"scroll","background-type":"","background-media":"","overlay-type":"","overlay-color":"","overlay-opacity":"","overlay-gradient":""},"mobile":{"background-color":"","background-image":"","background-repeat":"repeat","background-position":"center center","background-size":"auto","background-attachment":"scroll","background-type":"","background-media":"","overlay-type":"","overlay-color":"","overlay-opacity":"","overlay-gradient":""}},"ast-content-background-meta":{"desktop":{"background-color":"var(--ast-global-color-5)","background-image":"","background-repeat":"repeat","background-position":"center center","background-size":"auto","background-attachment":"scroll","background-type":"","background-media":"","overlay-type":"","overlay-color":"","overlay-opacity":"","overlay-gradient":""},"tablet":{"background-color":"var(--ast-global-color-5)","background-image":"","background-repeat":"repeat","background-position":"center center","background-size":"auto","background-attachment":"scroll","background-type":"","background-media":"","overlay-type":"","overlay-color":"","overlay-opacity":"","overlay-gradient":""},"mobile":{"background-color":"var(--ast-global-color-5)","background-image":"","background-repeat":"repeat","background-position":"center center","background-size":"auto","background-attachment":"scroll","background-type":"","background-media":"","overlay-type":"","overlay-color":"","overlay-opacity":"","overlay-gradient":""}},"footnotes":""},"class_list":["post-17881","page","type-page","status-publish","has-post-thumbnail","hentry"],"acf":[],"_links":{"self":[{"href":"https:\/\/dycem.com\/es\/wp-json\/wp\/v2\/pages\/17881","targetHints":{"allow":["GET"]}}],"collection":[{"href":"https:\/\/dycem.com\/es\/wp-json\/wp\/v2\/pages"}],"about":[{"href":"https:\/\/dycem.com\/es\/wp-json\/wp\/v2\/types\/page"}],"author":[{"embeddable":true,"href":"https:\/\/dycem.com\/es\/wp-json\/wp\/v2\/users\/3"}],"replies":[{"embeddable":true,"href":"https:\/\/dycem.com\/es\/wp-json\/wp\/v2\/comments?post=17881"}],"version-history":[{"count":9,"href":"https:\/\/dycem.com\/es\/wp-json\/wp\/v2\/pages\/17881\/revisions"}],"predecessor-version":[{"id":25901,"href":"https:\/\/dycem.com\/es\/wp-json\/wp\/v2\/pages\/17881\/revisions\/25901"}],"wp:featuredmedia":[{"embeddable":true,"href":"https:\/\/dycem.com\/es\/wp-json\/wp\/v2\/media\/17895"}],"wp:attachment":[{"href":"https:\/\/dycem.com\/es\/wp-json\/wp\/v2\/media?parent=17881"}],"curies":[{"name":"wp","href":"https:\/\/api.w.org\/{rel}","templated":true}]}}