{"id":18074,"date":"2023-09-10T20:27:21","date_gmt":"2023-09-10T19:27:21","guid":{"rendered":"https:\/\/dycem.com\/inspeccion-de-las-instalaciones\/"},"modified":"2024-06-06T13:11:12","modified_gmt":"2024-06-06T12:11:12","slug":"inspeccion-de-las-instalaciones","status":"publish","type":"page","link":"https:\/\/dycem.com\/es\/inspeccion-de-las-instalaciones\/","title":{"rendered":"Inspecci\u00f3n de las instalaciones"},"content":{"rendered":"\t\t<div data-elementor-type=\"wp-page\" data-elementor-id=\"18074\" class=\"elementor elementor-18074 elementor-13494\" data-elementor-post-type=\"page\">\n\t\t\t\t<div class=\"elementor-element elementor-element-aa48411 dycem-title dycem-white e-flex e-con-boxed e-con e-parent\" data-id=\"aa48411\" data-element_type=\"container\" data-e-type=\"container\">\n\t\t\t\t\t<div class=\"e-con-inner\">\n\t\t\t\t<div class=\"elementor-element elementor-element-b42a0f5 elementor-widget elementor-widget-html\" data-id=\"b42a0f5\" data-element_type=\"widget\" data-e-type=\"widget\" data-widget_type=\"html.default\">\n\t\t\t\t<div class=\"elementor-widget-container\">\n\t\t\t\t\t<!-- Start of HubSpot Embed Code -->\n<script type=\"text\/javascript\" id=\"hs-script-loader\" async=\"\" defer src=\"\/\/js-eu1.hs-scripts.com\/26686903.js\"><\/script>\n<!-- End of HubSpot Embed Code -->\t\t\t\t<\/div>\n\t\t\t\t<\/div>\n\t\t\t\t<div class=\"elementor-element elementor-element-ce5462d dycem-title-accent-red elementor-widget elementor-widget-heading\" data-id=\"ce5462d\" data-element_type=\"widget\" data-e-type=\"widget\" data-widget_type=\"heading.default\">\n\t\t\t\t<div class=\"elementor-widget-container\">\n\t\t\t\t\t<h1 class=\"elementor-heading-title elementor-size-default\">Inspecci\u00f3n de las instalaciones<\/h1>\t\t\t\t<\/div>\n\t\t\t\t<\/div>\n\t\t\t\t<div class=\"elementor-element elementor-element-3a3f42b elementor-widget elementor-widget-text-editor\" data-id=\"3a3f42b\" data-element_type=\"widget\" data-e-type=\"widget\" data-widget_type=\"text-editor.default\">\n\t\t\t\t<div class=\"elementor-widget-container\">\n\t\t\t\t\t\t\t\t\t<p>Proporcionamos un control eficaz de la contaminaci\u00f3n a nivel del suelo sin conjeturas. Como parte de nuestro compromiso con el servicio y la calidad, ofrecemos una evaluaci\u00f3n gratuita in situ de cada emplazamiento. Nuestros especialistas en control de la contaminaci\u00f3n est\u00e1n equipados con la experiencia y el conocimiento de las pr\u00e1cticas recomendadas aplicables a diversos sectores. Tanto si su instalaci\u00f3n es completamente nueva como si est\u00e1 en plena ampliaci\u00f3n, o si est\u00e1 pensando en sustituir su soluci\u00f3n actual para el control de la contaminaci\u00f3n, podremos guiarle a lo largo del proceso.<\/p>\n\t\t\t\t\t\t\t\t<\/div>\n\t\t\t\t<\/div>\n\t\t\t\t\t<\/div>\n\t\t\t\t<\/div>\n\t\t<div class=\"elementor-element elementor-element-462494d1 dycem-half-half dycem-white e-flex e-con-boxed e-con e-parent\" data-id=\"462494d1\" data-element_type=\"container\" data-e-type=\"container\" data-settings=\"{&quot;background_background&quot;:&quot;classic&quot;}\">\n\t\t\t\t\t<div class=\"e-con-inner\">\n\t\t<div class=\"elementor-element elementor-element-b282410 e-con-full e-flex e-con e-child\" data-id=\"b282410\" data-element_type=\"container\" data-e-type=\"container\">\n\t\t\t\t<div class=\"elementor-element elementor-element-5704ecc elementor-widget elementor-widget-heading\" data-id=\"5704ecc\" data-element_type=\"widget\" data-e-type=\"widget\" data-widget_type=\"heading.default\">\n\t\t\t\t<div class=\"elementor-widget-container\">\n\t\t\t\t\t<h2 class=\"elementor-heading-title elementor-size-default\">Qu\u00e9 esperar<\/h2>\t\t\t\t<\/div>\n\t\t\t\t<\/div>\n\t\t\t\t<div class=\"elementor-element elementor-element-3e203596 elementor-widget elementor-widget-text-editor\" data-id=\"3e203596\" data-element_type=\"widget\" data-e-type=\"widget\" data-widget_type=\"text-editor.default\">\n\t\t\t\t<div class=\"elementor-widget-container\">\n\t\t\t\t\t\t\t\t\t<p>La inspecci\u00f3n de las instalaciones incluye la evaluaci\u00f3n de cada punto cr\u00edtico del emplazamiento para efectuar recomendaciones en cuanto a la soluci\u00f3n personalizada que mejor se adapte a sus necesidades.&nbsp;<\/p>\n<p>Al decidir la ubicaci\u00f3n y el tama\u00f1o de las soluciones Dycem\u00ae propuestas, consideramos varios aspectos:<\/p>\n<ul>\n<li>Tipo de tr\u00e1fico de la zona<\/li>\n<li>Cantidad de tr\u00e1fico y frecuencia de uso<\/li>\n<li>Nivel de control requerido<\/li>\n<li>Frecuencia de limpieza<\/li>\n<\/ul>\t\t\t\t\t\t\t\t<\/div>\n\t\t\t\t<\/div>\n\t\t\t\t<\/div>\n\t\t<div class=\"elementor-element elementor-element-1bac4f77 e-con-full e-flex e-con e-child\" data-id=\"1bac4f77\" data-element_type=\"container\" data-e-type=\"container\">\n\t\t\t\t<div class=\"elementor-element elementor-element-3205a2e7 elementor-widget__width-inherit elementor-widget elementor-widget-image\" data-id=\"3205a2e7\" data-element_type=\"widget\" data-e-type=\"widget\" data-widget_type=\"image.default\">\n\t\t\t\t<div class=\"elementor-widget-container\">\n\t\t\t\t\t\t\t\t\t\t\t\t\t\t\t<img fetchpriority=\"high\" decoding=\"async\" width=\"610\" height=\"410\" src=\"https:\/\/dycem.com\/wp-content\/uploads\/2023\/09\/Untitled-design-14.webp\" class=\"attachment-full size-full wp-image-18077\" alt=\"\" title=\"\">\t\t\t\t\t\t\t\t\t\t\t\t\t\t\t<\/div>\n\t\t\t\t<\/div>\n\t\t\t\t<\/div>\n\t\t\t\t\t<\/div>\n\t\t\t\t<\/div>\n\t\t<div class=\"elementor-element elementor-element-f1d5897 e-flex e-con-boxed e-con e-parent\" data-id=\"f1d5897\" data-element_type=\"container\" data-e-type=\"container\">\n\t\t\t\t\t<div class=\"e-con-inner\">\n\t\t\t\t<div class=\"elementor-element elementor-element-b33451a elementor-widget elementor-widget-spacer\" data-id=\"b33451a\" data-element_type=\"widget\" data-e-type=\"widget\" data-widget_type=\"spacer.default\">\n\t\t\t\t<div class=\"elementor-widget-container\">\n\t\t\t\t\t\t\t<div class=\"elementor-spacer\">\n\t\t\t<div class=\"elementor-spacer-inner\"><\/div>\n\t\t<\/div>\n\t\t\t\t\t\t<\/div>\n\t\t\t\t<\/div>\n\t\t\t\t\t<\/div>\n\t\t\t\t<\/div>\n\t\t<div class=\"elementor-element elementor-element-4b6605c dycem-cta dycem-blue e-flex e-con-boxed e-con e-parent\" data-id=\"4b6605c\" data-element_type=\"container\" data-e-type=\"container\" data-settings=\"{&quot;background_background&quot;:&quot;classic&quot;}\">\n\t\t\t\t\t<div class=\"e-con-inner\">\n\t\t<div class=\"elementor-element elementor-element-56fd202 e-flex e-con-boxed e-con e-child\" data-id=\"56fd202\" data-element_type=\"container\" data-e-type=\"container\">\n\t\t\t\t\t<div class=\"e-con-inner\">\n\t\t\t\t<div class=\"elementor-element elementor-element-de7a278 elementor-widget elementor-widget-image\" data-id=\"de7a278\" data-element_type=\"widget\" data-e-type=\"widget\" data-widget_type=\"image.default\">\n\t\t\t\t<div class=\"elementor-widget-container\">\n\t\t\t\t\t\t\t\t\t\t\t\t\t\t\t<img decoding=\"async\" width=\"449\" height=\"427\" src=\"https:\/\/dycem.com\/wp-content\/uploads\/2023\/09\/Measure-Icon-white.png\" class=\"attachment-full size-full wp-image-18070\" alt=\"\" srcset=\"https:\/\/dycem.com\/wp-content\/uploads\/2023\/09\/Measure-Icon-white.png 449w, https:\/\/dycem.com\/wp-content\/uploads\/2023\/09\/Measure-Icon-white-300x285.png 300w\" sizes=\"(max-width: 449px) 100vw, 449px\" title=\"\">\t\t\t\t\t\t\t\t\t\t\t\t\t\t\t<\/div>\n\t\t\t\t<\/div>\n\t\t\t\t<div class=\"elementor-element elementor-element-1ecd3b2 elementor-widget elementor-widget-heading\" data-id=\"1ecd3b2\" data-element_type=\"widget\" data-e-type=\"widget\" data-widget_type=\"heading.default\">\n\t\t\t\t<div class=\"elementor-widget-container\">\n\t\t\t\t\t<h2 class=\"elementor-heading-title elementor-size-default\">\u00bfListo para optimizar su instalaci\u00f3n? <\/h2>\t\t\t\t<\/div>\n\t\t\t\t<\/div>\n\t\t\t\t\t<\/div>\n\t\t\t\t<\/div>\n\t\t<div class=\"elementor-element elementor-element-c6a4520 e-flex e-con-boxed e-con e-child\" data-id=\"c6a4520\" data-element_type=\"container\" data-e-type=\"container\">\n\t\t\t\t\t<div class=\"e-con-inner\">\n\t\t\t\t<div class=\"elementor-element elementor-element-d8b6500 elementor-widget elementor-widget-heading\" data-id=\"d8b6500\" data-element_type=\"widget\" data-e-type=\"widget\" data-widget_type=\"heading.default\">\n\t\t\t\t<div class=\"elementor-widget-container\">\n\t\t\t\t\t<h3 class=\"elementor-heading-title elementor-size-default\">\u00a1Programa una encuesta en el sitio hoy mismo!<\/h3>\t\t\t\t<\/div>\n\t\t\t\t<\/div>\n\t\t\t\t<div class=\"elementor-element elementor-element-3e82704 elementor-widget elementor-widget-text-editor\" data-id=\"3e82704\" data-element_type=\"widget\" data-e-type=\"widget\" data-widget_type=\"text-editor.default\">\n\t\t\t\t<div class=\"elementor-widget-container\">\n\t\t\t\t\t\t\t\t\t<p>Reserva una encuesta en el sitio con un Especialista Local en Control de Contaminaci\u00f3n.<\/p>\n\t\t\t\t\t\t\t\t<\/div>\n\t\t\t\t<\/div>\n\t\t\t\t\t<\/div>\n\t\t\t\t<\/div>\n\t\t\t\t<div class=\"elementor-element elementor-element-c19b604 dycem-button-arrow-white elementor-align-right elementor-mobile-align-center elementor-widget__width-initial elementor-widget elementor-widget-button\" data-id=\"c19b604\" data-element_type=\"widget\" data-e-type=\"widget\" data-widget_type=\"button.default\">\n\t\t\t\t<div class=\"elementor-widget-container\">\n\t\t\t\t\t\t\t\t\t<div class=\"elementor-button-wrapper\">\n\t\t\t\t\t<a class=\"elementor-button elementor-button-link elementor-size-sm\" href=\"https:\/\/marketing.dycem.com\/site-survey-request-es\">\n\t\t\t\t\t\t<span class=\"elementor-button-content-wrapper\">\n\t\t\t\t\t\t\t\t\t<span class=\"elementor-button-text\">Reserva ahora<\/span>\n\t\t\t\t\t<\/span>\n\t\t\t\t\t<\/a>\n\t\t\t\t<\/div>\n\t\t\t\t\t\t\t\t<\/div>\n\t\t\t\t<\/div>\n\t\t\t\t\t<\/div>\n\t\t\t\t<\/div>\n\t\t<div class=\"elementor-element elementor-element-3869890 e-flex e-con-boxed e-con e-parent\" data-id=\"3869890\" data-element_type=\"container\" data-e-type=\"container\">\n\t\t\t\t\t<div class=\"e-con-inner\">\n\t\t\t\t<div class=\"elementor-element elementor-element-f3a406a elementor-widget elementor-widget-spacer\" data-id=\"f3a406a\" data-element_type=\"widget\" data-e-type=\"widget\" data-widget_type=\"spacer.default\">\n\t\t\t\t<div class=\"elementor-widget-container\">\n\t\t\t\t\t\t\t<div class=\"elementor-spacer\">\n\t\t\t<div class=\"elementor-spacer-inner\"><\/div>\n\t\t<\/div>\n\t\t\t\t\t\t<\/div>\n\t\t\t\t<\/div>\n\t\t\t\t\t<\/div>\n\t\t\t\t<\/div>\n\t\t\t\t<\/div>\n\t\t","protected":false},"excerpt":{"rendered":"<p>Inspecci\u00f3n de las instalaciones Proporcionamos un control eficaz de la contaminaci\u00f3n a nivel del suelo sin conjeturas. Como parte de nuestro compromiso con el servicio y la calidad, ofrecemos una evaluaci\u00f3n gratuita in situ de cada emplazamiento. Nuestros especialistas en control de la contaminaci\u00f3n est\u00e1n equipados con la experiencia y el conocimiento de las pr\u00e1cticas&hellip;<\/p>\n","protected":false},"author":3,"featured_media":18078,"parent":0,"menu_order":0,"comment_status":"closed","ping_status":"closed","template":"","meta":{"_acf_changed":false,"content-type":"","inline_featured_image":false,"site-sidebar-layout":"no-sidebar","site-content-layout":"page-builder","ast-site-content-layout":"full-width-container","site-content-style":"unboxed","site-sidebar-style":"unboxed","ast-global-header-display":"","ast-banner-title-visibility":"","ast-main-header-display":"","ast-hfb-above-header-display":"","ast-hfb-below-header-display":"","ast-hfb-mobile-header-display":"","site-post-title":"disabled","ast-breadcrumbs-content":"","ast-featured-img":"disabled","footer-sml-layout":"","ast-disable-related-posts":"","theme-transparent-header-meta":"default","adv-header-id-meta":"","stick-header-meta":"default","header-above-stick-meta":"","header-main-stick-meta":"","header-below-stick-meta":"","astra-migrate-meta-layouts":"default","ast-page-background-enabled":"default","ast-page-background-meta":{"desktop":{"background-color":"","background-image":"","background-repeat":"repeat","background-position":"center center","background-size":"auto","background-attachment":"scroll","background-type":"","background-media":"","overlay-type":"","overlay-color":"","overlay-opacity":"","overlay-gradient":""},"tablet":{"background-color":"","background-image":"","background-repeat":"repeat","background-position":"center center","background-size":"auto","background-attachment":"scroll","background-type":"","background-media":"","overlay-type":"","overlay-color":"","overlay-opacity":"","overlay-gradient":""},"mobile":{"background-color":"","background-image":"","background-repeat":"repeat","background-position":"center center","background-size":"auto","background-attachment":"scroll","background-type":"","background-media":"","overlay-type":"","overlay-color":"","overlay-opacity":"","overlay-gradient":""}},"ast-content-background-meta":{"desktop":{"background-color":"var(--ast-global-color-5)","background-image":"","background-repeat":"repeat","background-position":"center center","background-size":"auto","background-attachment":"scroll","background-type":"","background-media":"","overlay-type":"","overlay-color":"","overlay-opacity":"","overlay-gradient":""},"tablet":{"background-color":"var(--ast-global-color-5)","background-image":"","background-repeat":"repeat","background-position":"center center","background-size":"auto","background-attachment":"scroll","background-type":"","background-media":"","overlay-type":"","overlay-color":"","overlay-opacity":"","overlay-gradient":""},"mobile":{"background-color":"var(--ast-global-color-5)","background-image":"","background-repeat":"repeat","background-position":"center center","background-size":"auto","background-attachment":"scroll","background-type":"","background-media":"","overlay-type":"","overlay-color":"","overlay-opacity":"","overlay-gradient":""}},"footnotes":""},"class_list":["post-18074","page","type-page","status-publish","has-post-thumbnail","hentry"],"acf":[],"_links":{"self":[{"href":"https:\/\/dycem.com\/es\/wp-json\/wp\/v2\/pages\/18074","targetHints":{"allow":["GET"]}}],"collection":[{"href":"https:\/\/dycem.com\/es\/wp-json\/wp\/v2\/pages"}],"about":[{"href":"https:\/\/dycem.com\/es\/wp-json\/wp\/v2\/types\/page"}],"author":[{"embeddable":true,"href":"https:\/\/dycem.com\/es\/wp-json\/wp\/v2\/users\/3"}],"replies":[{"embeddable":true,"href":"https:\/\/dycem.com\/es\/wp-json\/wp\/v2\/comments?post=18074"}],"version-history":[{"count":8,"href":"https:\/\/dycem.com\/es\/wp-json\/wp\/v2\/pages\/18074\/revisions"}],"predecessor-version":[{"id":26724,"href":"https:\/\/dycem.com\/es\/wp-json\/wp\/v2\/pages\/18074\/revisions\/26724"}],"wp:featuredmedia":[{"embeddable":true,"href":"https:\/\/dycem.com\/es\/wp-json\/wp\/v2\/media\/18078"}],"wp:attachment":[{"href":"https:\/\/dycem.com\/es\/wp-json\/wp\/v2\/media?parent=18074"}],"curies":[{"name":"wp","href":"https:\/\/api.w.org\/{rel}","templated":true}]}}