{"id":18533,"date":"2023-05-18T08:48:20","date_gmt":"2023-05-18T07:48:20","guid":{"rendered":"https:\/\/dycem.com\/decharge-electrostatique\/"},"modified":"2024-03-15T17:43:15","modified_gmt":"2024-03-15T17:43:15","slug":"decharge-electrostatique","status":"publish","type":"page","link":"https:\/\/dycem.com\/fr\/decharge-electrostatique\/","title":{"rendered":"D\u00e9charge \u00e9lectrostatique"},"content":{"rendered":"\t\t<div data-elementor-type=\"wp-page\" data-elementor-id=\"18533\" class=\"elementor elementor-18533 elementor-1644\" data-elementor-post-type=\"page\">\n\t\t\t\t<div class=\"elementor-element elementor-element-4a423a59 dycem-title dycem-white e-flex e-con-boxed e-con e-parent\" data-id=\"4a423a59\" data-element_type=\"container\" data-e-type=\"container\">\n\t\t\t\t\t<div class=\"e-con-inner\">\n\t\t\t\t<div class=\"elementor-element elementor-element-67d6a2a6 dycem-title-accent-red elementor-widget elementor-widget-heading\" data-id=\"67d6a2a6\" data-element_type=\"widget\" data-e-type=\"widget\" data-widget_type=\"heading.default\">\n\t\t\t\t<div class=\"elementor-widget-container\">\n\t\t\t\t\t<h1 class=\"elementor-heading-title elementor-size-default\">D\u00e9charge \u00e9lectrostatique (DES) <\/h1>\t\t\t\t<\/div>\n\t\t\t\t<\/div>\n\t\t\t\t<div class=\"elementor-element elementor-element-790da60 elementor-widget elementor-widget-html\" data-id=\"790da60\" data-element_type=\"widget\" data-e-type=\"widget\" data-widget_type=\"html.default\">\n\t\t\t\t<div class=\"elementor-widget-container\">\n\t\t\t\t\t<!-- Start of HubSpot Embed Code -->\n<script type=\"text\/javascript\" id=\"hs-script-loader\" async=\"\" defer src=\"\/\/js-eu1.hs-scripts.com\/26686903.js\"><\/script>\n<!-- End of HubSpot Embed Code -->\t\t\t\t<\/div>\n\t\t\t\t<\/div>\n\t\t\t\t<div class=\"elementor-element elementor-element-133a28d0 elementor-widget elementor-widget-text-editor\" data-id=\"133a28d0\" data-element_type=\"widget\" data-e-type=\"widget\" data-widget_type=\"text-editor.default\">\n\t\t\t\t<div class=\"elementor-widget-container\">\n\t\t\t\t\t\t\t\t\t<p>L&rsquo;\u00e9lectricit\u00e9 statique, connue sous le nom de d\u00e9charge \u00e9lectrostatique (DES), est un ph\u00e9nom\u00e8ne familier dans la vie de tous les jours, qu&rsquo;il s&rsquo;agisse de t\u00e2ches banales comme d\u00e9charger des v\u00eatements d&rsquo;un s\u00e8che-linge, marcher sur un tapis ou serrer des mains. Si ces chocs peuvent sembler insignifiants dans certains contextes, ils pr\u00e9sentent des risques importants dans des secteurs tels que les centres de donn\u00e9es, la fabrication automobile\/a\u00e9rospatiale et la fabrication \u00e9lectronique.<\/p>\n<p>Les tapis Dycem\u00ae sont antistatiques et offrent une solution pour pr\u00e9venir les d\u00e9charges \u00e9lectrostatiques en attirant, collectant et retenant activement jusqu&rsquo;\u00e0 99,9 % des contaminations transmises par les pieds et les roues, ainsi que 75 % des contaminations transmises par l&rsquo;air. Cela cr\u00e9e un environnement exempt de particules et de poussi\u00e8res, ce qui emp\u00eache efficacement l&rsquo;accumulation d&rsquo;\u00e9lectricit\u00e9 statique. Avec une r\u00e9sistivit\u00e9 de surface de 10\u2078 ohms, les tapis Dycem dissipent efficacement l&rsquo;\u00e9lectricit\u00e9 statique, r\u00e9duisant ainsi la probabilit\u00e9 de dommages dus aux d\u00e9charges \u00e9lectrostatiques. En facilitant l&rsquo;\u00e9coulement lent et contr\u00f4l\u00e9 des charges vers le sol, ces tapis emp\u00eachent les d\u00e9charges vers ou depuis le contact humain.<\/p>\n\t\t\t\t\t\t\t\t<\/div>\n\t\t\t\t<\/div>\n\t\t\t\t\t<\/div>\n\t\t\t\t<\/div>\n\t\t<div class=\"elementor-element elementor-element-c74487d dycem-half-half dycem-blue e-flex e-con-boxed elementor-invisible e-con e-parent\" data-id=\"c74487d\" data-element_type=\"container\" data-e-type=\"container\" data-settings=\"{&quot;background_background&quot;:&quot;classic&quot;,&quot;animation&quot;:&quot;fadeIn&quot;}\">\n\t\t\t\t\t<div class=\"e-con-inner\">\n\t\t<div class=\"elementor-element elementor-element-13a2ad76 e-con-full e-flex e-con e-child\" data-id=\"13a2ad76\" data-element_type=\"container\" data-e-type=\"container\">\n\t\t\t\t<div class=\"elementor-element elementor-element-72f0210f elementor-widget elementor-widget-heading\" data-id=\"72f0210f\" data-element_type=\"widget\" data-e-type=\"widget\" data-widget_type=\"heading.default\">\n\t\t\t\t<div class=\"elementor-widget-container\">\n\t\t\t\t\t<h2 class=\"elementor-heading-title elementor-size-default\">Qu\u2019est-ce qu\u2019une DES ?\n<\/h2>\t\t\t\t<\/div>\n\t\t\t\t<\/div>\n\t\t\t\t<div class=\"elementor-element elementor-element-35031b87 elementor-widget elementor-widget-text-editor\" data-id=\"35031b87\" data-element_type=\"widget\" data-e-type=\"widget\" data-widget_type=\"text-editor.default\">\n\t\t\t\t<div class=\"elementor-widget-container\">\n\t\t\t\t\t\t\t\t\t<p>La d\u00e9charge \u00e9lectrostatique (DES) est un transfert rapide et soudain de courant \u00e9lectrique entre deux objets dont les charges \u00e9lectriques sont diff\u00e9rentes. Souvent accompagn\u00e9e d\u2019une \u00e9tincelle visible, la DES survient lorsqu\u2019un objet se charge positivement et que l\u2019autre se charge n\u00e9gativement. L\u2019objet charg\u00e9 positivement transporte alors une charge \u00e9lectrostatique qui peut \u00eatre transf\u00e9r\u00e9e si elle entre en contact avec un autre mat\u00e9riau, ce qui cr\u00e9e une DES.<\/p>\n\t\t\t\t\t\t\t\t<\/div>\n\t\t\t\t<\/div>\n\t\t\t\t<\/div>\n\t\t<div class=\"elementor-element elementor-element-3939428b e-con-full e-flex e-con e-child\" data-id=\"3939428b\" data-element_type=\"container\" data-e-type=\"container\">\n\t\t\t\t<div class=\"elementor-element elementor-element-1722407 elementor-widget__width-inherit elementor-widget elementor-widget-image\" data-id=\"1722407\" data-element_type=\"widget\" data-e-type=\"widget\" data-widget_type=\"image.default\">\n\t\t\t\t<div class=\"elementor-widget-container\">\n\t\t\t\t\t\t\t\t\t\t\t\t\t\t\t<img fetchpriority=\"high\" decoding=\"async\" width=\"1600\" height=\"1300\" src=\"https:\/\/dycem.com\/wp-content\/uploads\/2023\/09\/Sustainability-page-images-2.webp\" class=\"attachment-full size-full wp-image-13005\" alt=\"\" title=\"\">\t\t\t\t\t\t\t\t\t\t\t\t\t\t\t<\/div>\n\t\t\t\t<\/div>\n\t\t\t\t<\/div>\n\t\t\t\t\t<\/div>\n\t\t\t\t<\/div>\n\t\t<div class=\"elementor-element elementor-element-393f1d29 dycem-half-half-reverse dycem-grey e-flex e-con-boxed elementor-invisible e-con e-parent\" data-id=\"393f1d29\" data-element_type=\"container\" data-e-type=\"container\" data-settings=\"{&quot;background_background&quot;:&quot;classic&quot;,&quot;animation&quot;:&quot;fadeIn&quot;}\">\n\t\t\t\t\t<div class=\"e-con-inner\">\n\t\t<div class=\"elementor-element elementor-element-3ccf084b e-con-full e-flex e-con e-child\" data-id=\"3ccf084b\" data-element_type=\"container\" data-e-type=\"container\">\n\t\t\t\t<div class=\"elementor-element elementor-element-40bd6b77 elementor-widget__width-inherit elementor-widget elementor-widget-image\" data-id=\"40bd6b77\" data-element_type=\"widget\" data-e-type=\"widget\" data-widget_type=\"image.default\">\n\t\t\t\t<div class=\"elementor-widget-container\">\n\t\t\t\t\t\t\t\t\t\t\t\t\t\t\t<img decoding=\"async\" width=\"1600\" height=\"1300\" src=\"https:\/\/dycem.com\/wp-content\/uploads\/2023\/09\/Sustainability-page-images-4.png\" class=\"attachment-full size-full wp-image-12997\" alt=\"\" srcset=\"https:\/\/dycem.com\/wp-content\/uploads\/2023\/09\/Sustainability-page-images-4.png 1600w, https:\/\/dycem.com\/wp-content\/uploads\/2023\/09\/Sustainability-page-images-4-300x244.png 300w, https:\/\/dycem.com\/wp-content\/uploads\/2023\/09\/Sustainability-page-images-4-1024x832.png 1024w, https:\/\/dycem.com\/wp-content\/uploads\/2023\/09\/Sustainability-page-images-4-768x624.png 768w, https:\/\/dycem.com\/wp-content\/uploads\/2023\/09\/Sustainability-page-images-4-1536x1248.png 1536w\" sizes=\"(max-width: 1600px) 100vw, 1600px\" title=\"\">\t\t\t\t\t\t\t\t\t\t\t\t\t\t\t<\/div>\n\t\t\t\t<\/div>\n\t\t\t\t<\/div>\n\t\t<div class=\"elementor-element elementor-element-78711568 e-con-full e-flex e-con e-child\" data-id=\"78711568\" data-element_type=\"container\" data-e-type=\"container\">\n\t\t\t\t<div class=\"elementor-element elementor-element-917cdb3 elementor-widget elementor-widget-heading\" data-id=\"917cdb3\" data-element_type=\"widget\" data-e-type=\"widget\" data-widget_type=\"heading.default\">\n\t\t\t\t<div class=\"elementor-widget-container\">\n\t\t\t\t\t<h2 class=\"elementor-heading-title elementor-size-default\">Qu\u2019est-ce qui provoque une DES ?\n<\/h2>\t\t\t\t<\/div>\n\t\t\t\t<\/div>\n\t\t\t\t<div class=\"elementor-element elementor-element-6d1eab4 elementor-widget elementor-widget-text-editor\" data-id=\"6d1eab4\" data-element_type=\"widget\" data-e-type=\"widget\" data-widget_type=\"text-editor.default\">\n\t\t\t\t<div class=\"elementor-widget-container\">\n\t\t\t\t\t\t\t\t\t<p>La d\u00e9charge \u00e9lectrostatique est g\u00e9n\u00e9ralement caus\u00e9e par un contact de mat\u00e9riaux. C\u2019est le cas au quotidien lorsque l\u2019on marche sur un tapis ou que l\u2019on touche quelqu\u2019un. Les mouvements d\u2019air rapides ou les ventilateurs situ\u00e9s \u00e0 proximit\u00e9 d\u2019un \u00e9quipement \u00e9lectronique peuvent \u00e9galement augmenter le risque de DES.<\/p>\n<p>La principale cause de DES est la poussi\u00e8re, c\u2019est pourquoi maintenir la propret\u00e9 des zones critiques peut aider \u00e0 r\u00e9duire les incidents.<\/p>\n\t\t\t\t\t\t\t\t<\/div>\n\t\t\t\t<\/div>\n\t\t\t\t<\/div>\n\t\t\t\t\t<\/div>\n\t\t\t\t<\/div>\n\t\t<div class=\"elementor-element elementor-element-6a186d6 dycem-half-half dycem-darkgrey e-flex e-con-boxed elementor-invisible e-con e-parent\" data-id=\"6a186d6\" data-element_type=\"container\" data-e-type=\"container\" data-settings=\"{&quot;background_background&quot;:&quot;classic&quot;,&quot;animation&quot;:&quot;fadeIn&quot;}\">\n\t\t\t\t\t<div class=\"e-con-inner\">\n\t\t<div class=\"elementor-element elementor-element-2451cc96 e-con-full e-flex e-con e-child\" data-id=\"2451cc96\" data-element_type=\"container\" data-e-type=\"container\">\n\t\t\t\t<div class=\"elementor-element elementor-element-612dfa10 elementor-widget elementor-widget-heading\" data-id=\"612dfa10\" data-element_type=\"widget\" data-e-type=\"widget\" data-widget_type=\"heading.default\">\n\t\t\t\t<div class=\"elementor-widget-container\">\n\t\t\t\t\t<h2 class=\"elementor-heading-title elementor-size-default\">Dangers des DES dans des environnements industriels<\/h2>\t\t\t\t<\/div>\n\t\t\t\t<\/div>\n\t\t\t\t<div class=\"elementor-element elementor-element-54ceea61 elementor-widget elementor-widget-text-editor\" data-id=\"54ceea61\" data-element_type=\"widget\" data-e-type=\"widget\" data-widget_type=\"text-editor.default\">\n\t\t\t\t<div class=\"elementor-widget-container\">\n\t\t\t\t\t\t\t\t\t<section class=\"section main-article-chapter\" data-menu-title=\"How to manage and prevent ESD\">\n<p>Les DES peuvent constituer un danger pour les environnements de travail tels que les data centers, les sites de fabrication et les installations comprenant des \u00e9quipements \u00e9lectroniques. En effet, elles peuvent causer les probl\u00e8mes suivants :<\/p>\n<ul>\n<li>Endommager les composants \u00e9lectroniques expos\u00e9s <\/li>\n<li>Corrompre les donn\u00e9es ou provoquer des pertes au niveau \u00e9lectronique<\/li>\n<li>Constituer une source d\u2019amor\u00e7age et provoquer des incendies ou explosions<\/li>\n<li>Perturber le fonctionnement de l\u2019\u00e9quipement \u00e9lectronique<\/li>\n<li>Causer des blessures au personnel si la d\u00e9charge provient d\u2019un milieu haute tension<\/li>\n<\/ul>\n<p>Une formation ad\u00e9quate et une bonne connaissance des DES est indispensable dans ces environnements, en parall\u00e8le d\u2019un plan efficace de contr\u00f4le et de pr\u00e9vention des DES.<\/p>\n<\/section>\n<section class=\"section main-article-chapter\" data-menu-title=\"ESD standards\"><\/section>\n\t\t\t\t\t\t\t\t<\/div>\n\t\t\t\t<\/div>\n\t\t\t\t<\/div>\n\t\t<div class=\"elementor-element elementor-element-441040a3 e-con-full e-flex e-con e-child\" data-id=\"441040a3\" data-element_type=\"container\" data-e-type=\"container\">\n\t\t\t\t<div class=\"elementor-element elementor-element-754f1f26 elementor-widget__width-inherit elementor-widget elementor-widget-image\" data-id=\"754f1f26\" data-element_type=\"widget\" data-e-type=\"widget\" data-widget_type=\"image.default\">\n\t\t\t\t<div class=\"elementor-widget-container\">\n\t\t\t\t\t\t\t\t\t\t\t\t\t\t\t<img decoding=\"async\" width=\"1600\" height=\"1300\" src=\"https:\/\/dycem.com\/wp-content\/uploads\/2023\/09\/Sustainability-page-images-3.webp\" class=\"attachment-full size-full wp-image-13001\" alt=\"\" title=\"\">\t\t\t\t\t\t\t\t\t\t\t\t\t\t\t<\/div>\n\t\t\t\t<\/div>\n\t\t\t\t<\/div>\n\t\t\t\t\t<\/div>\n\t\t\t\t<\/div>\n\t\t<div class=\"elementor-element elementor-element-e0bc244 dycem-half-half-reverse dycem-grey e-flex e-con-boxed elementor-invisible e-con e-parent\" data-id=\"e0bc244\" data-element_type=\"container\" data-e-type=\"container\" data-settings=\"{&quot;background_background&quot;:&quot;classic&quot;,&quot;animation&quot;:&quot;fadeIn&quot;}\">\n\t\t\t\t\t<div class=\"e-con-inner\">\n\t\t<div class=\"elementor-element elementor-element-8403405 e-con-full e-flex e-con e-child\" data-id=\"8403405\" data-element_type=\"container\" data-e-type=\"container\">\n\t\t\t\t<div class=\"elementor-element elementor-element-05c9cec elementor-widget__width-inherit elementor-widget elementor-widget-image\" data-id=\"05c9cec\" data-element_type=\"widget\" data-e-type=\"widget\" data-widget_type=\"image.default\">\n\t\t\t\t<div class=\"elementor-widget-container\">\n\t\t\t\t\t\t\t\t\t\t\t\t\t\t\t<img loading=\"lazy\" decoding=\"async\" width=\"1600\" height=\"1300\" src=\"https:\/\/dycem.com\/wp-content\/uploads\/2023\/09\/Sustainability-page-images-5.webp\" class=\"attachment-full size-full wp-image-12993\" alt=\"\" title=\"\">\t\t\t\t\t\t\t\t\t\t\t\t\t\t\t<\/div>\n\t\t\t\t<\/div>\n\t\t\t\t<\/div>\n\t\t<div class=\"elementor-element elementor-element-3979c17 e-con-full e-flex e-con e-child\" data-id=\"3979c17\" data-element_type=\"container\" data-e-type=\"container\">\n\t\t\t\t<div class=\"elementor-element elementor-element-b575c71 elementor-widget elementor-widget-heading\" data-id=\"b575c71\" data-element_type=\"widget\" data-e-type=\"widget\" data-widget_type=\"heading.default\">\n\t\t\t\t<div class=\"elementor-widget-container\">\n\t\t\t\t\t<h2 class=\"elementor-heading-title elementor-size-default\">Comment pr\u00e9venir les DES ?<\/h2>\t\t\t\t<\/div>\n\t\t\t\t<\/div>\n\t\t\t\t<div class=\"elementor-element elementor-element-1134333 elementor-widget elementor-widget-text-editor\" data-id=\"1134333\" data-element_type=\"widget\" data-e-type=\"widget\" data-widget_type=\"text-editor.default\">\n\t\t\t\t<div class=\"elementor-widget-container\">\n\t\t\t\t\t\t\t\t\t<section class=\"section main-article-chapter\" data-menu-title=\"How to manage and prevent ESD\">Les d\u00e9charges \u00e9lectrostatiques surviennent sans pr\u00e9venir, la pr\u00e9vention est donc le meilleur moyen de g\u00e9rer et r\u00e9duire leur occurrence. Les DES peuvent endommager l\u2019\u00e9quipement \u00e9lectronique, c\u2019est pourquoi il est important d\u2019inclure des m\u00e9thodes de pr\u00e9vention des DES dans votre zone critique afin de garantir la s\u00e9curit\u00e9 de votre \u00e9quipement. En ce sens, on peut mettre en place les mesures suivantes :<\/section>\n<section class=\"section main-article-chapter\" data-menu-title=\"How to manage and prevent ESD\"><\/section>\n<section class=\"section main-article-chapter\" data-menu-title=\"How to manage and prevent ESD\"><\/section>\n<section data-menu-title=\"How to manage and prevent ESD\"><\/section>\n<section data-menu-title=\"How to manage and prevent ESD\"><\/section>\n<section class=\"section main-article-chapter\" data-menu-title=\"How to manage and prevent ESD\">\n<ul>\n<li>Utiliser un plancher et des tapis antistatiques pour recouvrir le sol des zones critiques<\/li>\n<li>S\u2019assurer que tous les \u00e9quipements et les meubles sont prot\u00e9g\u00e9s contre les DES<\/li>\n<li>Placer des tapis antistatiques sur les bureaux pour prot\u00e9ger l\u2019\u00e9quipement des DES<\/li>\n<li>Retirer tout ce qui est superflu des zones critiques<\/li>\n<li>Porter des chaussures antistatiques<\/li>\n<li>Utiliser un emballage antistatique au besoin<\/li>\n<\/ul>\n<\/section>\n<section class=\"section main-article-chapter\" data-menu-title=\"ESD standards\"><\/section>\n\t\t\t\t\t\t\t\t<\/div>\n\t\t\t\t<\/div>\n\t\t\t\t<\/div>\n\t\t\t\t\t<\/div>\n\t\t\t\t<\/div>\n\t\t<div class=\"elementor-element elementor-element-aac2e88 e-flex e-con-boxed e-con e-parent\" data-id=\"aac2e88\" data-element_type=\"container\" data-e-type=\"container\">\n\t\t\t\t\t<div class=\"e-con-inner\">\n\t\t\t\t<div class=\"elementor-element elementor-element-759846f elementor-widget elementor-widget-spacer\" data-id=\"759846f\" data-element_type=\"widget\" data-e-type=\"widget\" data-widget_type=\"spacer.default\">\n\t\t\t\t<div class=\"elementor-widget-container\">\n\t\t\t\t\t\t\t<div class=\"elementor-spacer\">\n\t\t\t<div class=\"elementor-spacer-inner\"><\/div>\n\t\t<\/div>\n\t\t\t\t\t\t<\/div>\n\t\t\t\t<\/div>\n\t\t\t\t\t<\/div>\n\t\t\t\t<\/div>\n\t\t\t\t<\/div>\n\t\t","protected":false},"excerpt":{"rendered":"<p>D\u00e9charge \u00e9lectrostatique (DES) L&rsquo;\u00e9lectricit\u00e9 statique, connue sous le nom de d\u00e9charge \u00e9lectrostatique (DES), est un ph\u00e9nom\u00e8ne familier dans la vie de tous les jours, qu&rsquo;il s&rsquo;agisse de t\u00e2ches banales comme d\u00e9charger des v\u00eatements d&rsquo;un s\u00e8che-linge, marcher sur un tapis ou serrer des mains. Si ces chocs peuvent sembler insignifiants dans certains contextes, ils pr\u00e9sentent des\u2026<\/p>\n","protected":false},"author":3,"featured_media":9670,"parent":0,"menu_order":0,"comment_status":"closed","ping_status":"closed","template":"","meta":{"_acf_changed":false,"content-type":"","inline_featured_image":false,"site-sidebar-layout":"no-sidebar","site-content-layout":"page-builder","ast-site-content-layout":"full-width-container","site-content-style":"unboxed","site-sidebar-style":"unboxed","ast-global-header-display":"","ast-banner-title-visibility":"","ast-main-header-display":"","ast-hfb-above-header-display":"","ast-hfb-below-header-display":"","ast-hfb-mobile-header-display":"","site-post-title":"disabled","ast-breadcrumbs-content":"","ast-featured-img":"disabled","footer-sml-layout":"","ast-disable-related-posts":"","theme-transparent-header-meta":"default","adv-header-id-meta":"","stick-header-meta":"default","header-above-stick-meta":"","header-main-stick-meta":"","header-below-stick-meta":"","astra-migrate-meta-layouts":"default","ast-page-background-enabled":"default","ast-page-background-meta":{"desktop":{"background-color":"","background-image":"","background-repeat":"repeat","background-position":"center center","background-size":"auto","background-attachment":"scroll","background-type":"","background-media":"","overlay-type":"","overlay-color":"","overlay-opacity":"","overlay-gradient":""},"tablet":{"background-color":"","background-image":"","background-repeat":"repeat","background-position":"center center","background-size":"auto","background-attachment":"scroll","background-type":"","background-media":"","overlay-type":"","overlay-color":"","overlay-opacity":"","overlay-gradient":""},"mobile":{"background-color":"","background-image":"","background-repeat":"repeat","background-position":"center center","background-size":"auto","background-attachment":"scroll","background-type":"","background-media":"","overlay-type":"","overlay-color":"","overlay-opacity":"","overlay-gradient":""}},"ast-content-background-meta":{"desktop":{"background-color":"var(--ast-global-color-5)","background-image":"","background-repeat":"repeat","background-position":"center center","background-size":"auto","background-attachment":"scroll","background-type":"","background-media":"","overlay-type":"","overlay-color":"","overlay-opacity":"","overlay-gradient":""},"tablet":{"background-color":"var(--ast-global-color-5)","background-image":"","background-repeat":"repeat","background-position":"center center","background-size":"auto","background-attachment":"scroll","background-type":"","background-media":"","overlay-type":"","overlay-color":"","overlay-opacity":"","overlay-gradient":""},"mobile":{"background-color":"var(--ast-global-color-5)","background-image":"","background-repeat":"repeat","background-position":"center center","background-size":"auto","background-attachment":"scroll","background-type":"","background-media":"","overlay-type":"","overlay-color":"","overlay-opacity":"","overlay-gradient":""}},"footnotes":""},"class_list":["post-18533","page","type-page","status-publish","has-post-thumbnail","hentry"],"acf":[],"_links":{"self":[{"href":"https:\/\/dycem.com\/fr\/wp-json\/wp\/v2\/pages\/18533","targetHints":{"allow":["GET"]}}],"collection":[{"href":"https:\/\/dycem.com\/fr\/wp-json\/wp\/v2\/pages"}],"about":[{"href":"https:\/\/dycem.com\/fr\/wp-json\/wp\/v2\/types\/page"}],"author":[{"embeddable":true,"href":"https:\/\/dycem.com\/fr\/wp-json\/wp\/v2\/users\/3"}],"replies":[{"embeddable":true,"href":"https:\/\/dycem.com\/fr\/wp-json\/wp\/v2\/comments?post=18533"}],"version-history":[{"count":7,"href":"https:\/\/dycem.com\/fr\/wp-json\/wp\/v2\/pages\/18533\/revisions"}],"predecessor-version":[{"id":25907,"href":"https:\/\/dycem.com\/fr\/wp-json\/wp\/v2\/pages\/18533\/revisions\/25907"}],"wp:featuredmedia":[{"embeddable":true,"href":"https:\/\/dycem.com\/fr\/wp-json\/wp\/v2\/media\/9670"}],"wp:attachment":[{"href":"https:\/\/dycem.com\/fr\/wp-json\/wp\/v2\/media?parent=18533"}],"curies":[{"name":"wp","href":"https:\/\/api.w.org\/{rel}","templated":true}]}}